{"id":13169,"date":"2016-10-24T20:57:11","date_gmt":"2016-10-24T20:57:11","guid":{"rendered":"http:\/\/www.mbfatimska.pl\/?page_id=409"},"modified":"2016-10-24T20:57:11","modified_gmt":"2016-10-24T20:57:11","slug":"wsparcie-dla-parafii","status":"publish","type":"page","link":"https:\/\/mbfatimska.ovh\/index.php\/wsparcie-dla-parafii\/","title":{"rendered":"Wsparcie dla parafii"},"content":{"rendered":"<p>Je\u015bli chcesz wspom\u00f3c budow\u0119 naszej \u015bwi\u0105tyni poni\u017cej podajemy pe\u0142n\u0105 nazw\u0119 oraz adres i numer konta bankowego, na kt\u00f3re mo\u017cesz przela\u0107 dowoln\u0105 kwot\u0119 przeznaczon\u0105 na budow\u0119.<\/p>\n<h2>Konto nr:\u00a005 1050 1012 1000 0023 0682 9876<\/h2>\n<p>Dla<\/p>\n<p>Parafia rzymskokatolicka<br \/>\npw. Matki Bo\u017cej Fatimskiej<br \/>\nul. Orl\u0105t Lwowskich 8<br \/>\n05-119 Legionowo<\/p>\n","protected":false},"excerpt":{"rendered":"<p>Je\u015bli chcesz wspom\u00f3c budow\u0119 naszej \u015bwi\u0105tyni poni\u017cej podajemy pe\u0142n\u0105 nazw\u0119 oraz adres i numer konta bankowego, na kt\u00f3re mo\u017cesz przela\u0107 dowoln\u0105 kwot\u0119 przeznaczon\u0105 na budow\u0119. Konto nr:\u00a005 1050 1012 1000 0023 0682 9876 Dla Parafia rzymskokatolicka pw. Matki Bo\u017cej Fatimskiej ul. Orl\u0105t Lwowskich 8 05-119 Legionowo<\/p>\n","protected":false},"author":1,"featured_media":30657,"parent":0,"menu_order":0,"comment_status":"closed","ping_status":"closed","template":"","meta":{"footnotes":""},"class_list":["post-13169","page","type-page","status-publish","has-post-thumbnail","hentry"],"_links":{"self":[{"href":"https:\/\/mbfatimska.ovh\/index.php\/wp-json\/wp\/v2\/pages\/13169","targetHints":{"allow":["GET"]}}],"collection":[{"href":"https:\/\/mbfatimska.ovh\/index.php\/wp-json\/wp\/v2\/pages"}],"about":[{"href":"https:\/\/mbfatimska.ovh\/index.php\/wp-json\/wp\/v2\/types\/page"}],"author":[{"embeddable":true,"href":"https:\/\/mbfatimska.ovh\/index.php\/wp-json\/wp\/v2\/users\/1"}],"replies":[{"embeddable":true,"href":"https:\/\/mbfatimska.ovh\/index.php\/wp-json\/wp\/v2\/comments?post=13169"}],"version-history":[{"count":0,"href":"https:\/\/mbfatimska.ovh\/index.php\/wp-json\/wp\/v2\/pages\/13169\/revisions"}],"wp:featuredmedia":[{"embeddable":true,"href":"https:\/\/mbfatimska.ovh\/index.php\/wp-json\/wp\/v2\/media\/30657"}],"wp:attachment":[{"href":"https:\/\/mbfatimska.ovh\/index.php\/wp-json\/wp\/v2\/media?parent=13169"}],"curies":[{"name":"wp","href":"https:\/\/api.w.org\/{rel}","templated":true}]}}