{"id":31741,"date":"2025-10-29T13:26:33","date_gmt":"2025-10-29T13:26:33","guid":{"rendered":"https:\/\/mbfatimska.ovh\/?page_id=31741"},"modified":"2026-03-05T18:04:25","modified_gmt":"2026-03-05T18:04:25","slug":"bierzmowanie","status":"publish","type":"page","link":"https:\/\/mbfatimska.ovh\/index.php\/bierzmowanie\/","title":{"rendered":"Bierzmowanie"},"content":{"rendered":"<p><strong>Informacje dla m\u0142odzie\u017cy przygotowuj\u0105cej si\u0119 do sakramentu bierzmowania 2025\/2026<\/strong><\/p>\n<ol>\n<li><strong>Katechezy dla kandydat\u00f3w do bierzmowani<\/strong>a &#8211; II i IV niedziela miesi\u0105ca &#8211; godzina 16.15 &#8211; salka pod zakrysti\u0105<\/li>\n<li><strong>Dokumenty potrzebne do zg\u0142oszenia kandydata do sakramentu bierzmowania w naszej parafii:<\/strong>\n<ol>\n<li>Wype\u0142niony formularz zg\u0142oszeniowy<\/li>\n<li>Metryka chrztu &#8211; je\u017celi kandydat nie by\u0142 chrzczony w naszej parafii<\/li>\n<li>Zgoda na przygotowanie i udzielenie sakramentu bierzmowania &#8211; je\u017celi rodzice wraz z dzieckiem nie mieszkaj\u0105 na terenie naszej parafii<\/li>\n<li>\u015awiadectwo z klasy VII, do wgl\u0105du, potwierdzaj\u0105ce, \u017ce kandydat chodzi\u0142 na lekcje religii<\/li>\n<li>Za\u015bwiadczenie od katechety z klasy VIII, \u017ce kandydat w obecnym roku szkolnym chodzi na lekcje religii<\/li>\n<li>Op\u0142ata &#8211; 10 z\u0142 za indeks i materia\u0142y formacyjne<\/li>\n<\/ol>\n<\/li>\n<li><strong>Udzia\u0142 w nabo\u017ce\u0144stwach<\/strong>:\n<ol>\n<li><strong>Pa\u017adziernik<\/strong> &#8211; minimum 10 razy obecno\u015b\u0107 na nabo\u017ce\u0144stwie r\u00f3\u017ca\u0144cowym<\/li>\n<li><strong>Misje \u015bwi\u0119te w naszej parafii<\/strong> &#8211; 23-28 listopada 2025\n<ol>\n<li>23 listopada, niedziela &#8211; dowolna Msza \u015bwi\u0119ta z nauk\u0105 misyjn\u0105 opr\u00f3cz godziny 11.00<\/li>\n<li>25 listopada, wtorek &#8211; godzina 16.30 &#8211; Msza \u015bwi\u0119ta z nauk\u0105 dla m\u0142odzie\u017cy bierzmowanej<\/li>\n<li>28 listopada, pi\u0105tek- godzina 16.30 &#8211;\u00a0 Msza \u015bwi\u0119ta z nauk\u0105 dla m\u0142odzie\u017cy bierzmowanej<\/li>\n<\/ol>\n<\/li>\n<li><strong>Roraty &#8211; minimum 5 obecno\u015bci <\/strong>&#8211; poniedzia\u0142ek, \u015broda, pi\u0105tek &#8211; godzina 6.45 &#8211; wtorek, czwartek, sobota &#8211; godzina 18.00<\/li>\n<\/ol>\n<\/li>\n<li><strong><span style=\"text-decoration: underline;\">Wielki Post<\/span>:<\/strong>\n<ol>\n<li style=\"text-align: left;\"><strong>\u015aroda Popielcowa <\/strong>\u2013 Msze \u015bwi\u0119te: 7.30, 9.00, 16.30, 18.00, 19.45<\/li>\n<li style=\"text-align: left;\"><strong>Drogi krzy\u017cowe <\/strong>\u2013 pi\u0105tki \u2013 godzina 16.30 i 18.45 (obecno\u015b\u0107 <u>przynajmniej na 4 nabo\u017ce\u0144stwach<\/u>)<\/li>\n<li style=\"text-align: left;\"><strong>Gorzkie \u017bale <\/strong>\u2013 niedziele \u2013 godzina 17.15 (obecno\u015b\u0107 <u>przynajmniej na 3 nabo\u017ce\u0144stwach<\/u>)<\/li>\n<li><strong>Rekolekcje Wielkopostne <\/strong>\u2013 26, 27, 28 marca 2026 (czwartek, pi\u0105tek, sobota \u2013 godzina 9.00, 16.30 \u2013 dla dzieci, 18.00 i 19.45)\n<ul>\n<li style=\"text-align: left;\"><u>Obecno\u015b\u0107 obowi\u0105zkowa<\/u> we wszystkie dni rekolekcji w ramach przygotowania do bierzmowania, mimo tego, \u017ce s\u0105 rekolekcje w szkole<\/li>\n<li style=\"text-align: left;\">W czasie rekolekcji nale\u017cy przyst\u0105pi\u0107 do sakramentu spowiedzi<\/li>\n<\/ul>\n<\/li>\n<\/ol>\n<\/li>\n<\/ol>\n","protected":false},"excerpt":{"rendered":"<p>Informacje dla m\u0142odzie\u017cy przygotowuj\u0105cej si\u0119 do sakramentu bierzmowania 2025\/2026 Katechezy dla kandydat\u00f3w do bierzmowania &#8211; II i IV niedziela miesi\u0105ca &#8211; godzina 16.15 &#8211; salka pod zakrysti\u0105 Dokumenty potrzebne do zg\u0142oszenia kandydata do sakramentu bierzmowania w naszej parafii: Wype\u0142niony formularz zg\u0142oszeniowy Metryka chrztu &#8211; je\u017celi kandydat nie by\u0142 chrzczony w naszej parafii Zgoda na przygotowanie [&hellip;]<\/p>\n","protected":false},"author":1,"featured_media":30657,"parent":0,"menu_order":0,"comment_status":"closed","ping_status":"closed","template":"","meta":{"footnotes":""},"class_list":["post-31741","page","type-page","status-publish","has-post-thumbnail","hentry"],"_links":{"self":[{"href":"https:\/\/mbfatimska.ovh\/index.php\/wp-json\/wp\/v2\/pages\/31741","targetHints":{"allow":["GET"]}}],"collection":[{"href":"https:\/\/mbfatimska.ovh\/index.php\/wp-json\/wp\/v2\/pages"}],"about":[{"href":"https:\/\/mbfatimska.ovh\/index.php\/wp-json\/wp\/v2\/types\/page"}],"author":[{"embeddable":true,"href":"https:\/\/mbfatimska.ovh\/index.php\/wp-json\/wp\/v2\/users\/1"}],"replies":[{"embeddable":true,"href":"https:\/\/mbfatimska.ovh\/index.php\/wp-json\/wp\/v2\/comments?post=31741"}],"version-history":[{"count":10,"href":"https:\/\/mbfatimska.ovh\/index.php\/wp-json\/wp\/v2\/pages\/31741\/revisions"}],"predecessor-version":[{"id":40323,"href":"https:\/\/mbfatimska.ovh\/index.php\/wp-json\/wp\/v2\/pages\/31741\/revisions\/40323"}],"wp:featuredmedia":[{"embeddable":true,"href":"https:\/\/mbfatimska.ovh\/index.php\/wp-json\/wp\/v2\/media\/30657"}],"wp:attachment":[{"href":"https:\/\/mbfatimska.ovh\/index.php\/wp-json\/wp\/v2\/media?parent=31741"}],"curies":[{"name":"wp","href":"https:\/\/api.w.org\/{rel}","templated":true}]}}