{"id":31836,"date":"2025-11-03T11:58:53","date_gmt":"2025-11-03T11:58:53","guid":{"rendered":"https:\/\/mbfatimska.ovh\/?page_id=31836"},"modified":"2025-11-03T12:00:43","modified_gmt":"2025-11-03T12:00:43","slug":"rycerze-sw-jana-pawla-ii","status":"publish","type":"page","link":"https:\/\/mbfatimska.ovh\/index.php\/rycerze-sw-jana-pawla-ii\/","title":{"rendered":"Rycerze \u015aw. Jana Paw\u0142a II"},"content":{"rendered":"\t\t<div data-elementor-type=\"wp-page\" data-elementor-id=\"31836\" class=\"elementor elementor-31836\" data-elementor-post-type=\"page\">\n\t\t\t\t<div class=\"elementor-element elementor-element-75e98ba e-flex e-con-boxed e-con e-parent\" data-id=\"75e98ba\" data-element_type=\"container\" data-e-type=\"container\">\n\t\t\t\t\t<div class=\"e-con-inner\">\n\t\t\t\t<div class=\"elementor-element elementor-element-0ca3dcc elementor-widget elementor-widget-text-editor\" data-id=\"0ca3dcc\" data-element_type=\"widget\" data-e-type=\"widget\" data-widget_type=\"text-editor.default\">\n\t\t\t\t<div class=\"elementor-widget-container\">\n\t\t\t\t\t\t\t\t\t<p align=\"justify\"><span style=\"font-family: Times New Roman, serif;\"><span style=\"font-size: large;\"><b>I<\/b><\/span><\/span><span style=\"font-family: Times New Roman, serif;\"><span style=\"font-size: large;\">nicjatywa powstania Zakonu Rycerzy Jana Paw\u0142a II zrodzi\u0142a si\u0119 w\u015br\u00f3d polskich katolik\u00f3w \u015bwieckich, jako wotum wdzi\u0119czno\u015bci za dar beatyfikacji \u015awi\u0119tego Jana Paw\u0142a II. Zakon zrzesza m\u0119\u017cczyzn przyjmuj\u0105cych za wz\u00f3r \u017cycie Papie\u017ca Polaka. Podstawow\u0105 jednostk\u0105 organizacyjn\u0105 Zakonu jest parafia, w kt\u00f3rej bracia koncentruj\u0105 swe \u017cycie religijne i pos\u0142ug\u0119 wsp\u00f3lnocie. W parafii tworz\u0105 chor\u0105giew. Wy\u017cszymi jednostkami organizacyjnymi Zakonu s\u0105 w Diecezji Komandoria, w kraju Prowincja Krajowa. Na czele Zakonu stoi Genera\u0142 z Rad\u0105 Generaln\u0105. Chor\u0105giew mo\u017ce utworzy\u0107 co najmniej sze\u015bciu braci przy akceptacji Proboszcza, kt\u00f3ry wyznacza jej kapelana. <\/span><\/span><\/p><p align=\"justify\"><span style=\"font-family: Times New Roman, serif;\"><span style=\"font-size: large;\"><b>K<\/b><\/span><\/span><span style=\"font-family: Times New Roman, serif;\"><span style=\"font-size: large;\">si\u0105dz Proboszcz wyrazi\u0142 ch\u0119\u0107 i akceptacj\u0119 dla funkcjonowania naszej wsp\u00f3lnoty w Parafii Matki Bo\u017cej Fatimskiej i sta\u0142 si\u0119 jej kapelanem. Now\u0105 chor\u0105giew powo\u0142uje Prowincja\u0142 lub Genera\u0142, od kt\u00f3rego otrzymuje ona sztandar narodowy prezentowany podczas uroczysto\u015bci i spotka\u0144. Cz\u0142onkowie chor\u0105gwi wybieraj\u0105 spo\u015br\u00f3d siebie dow\u00f3dc\u0119 Wielkiego Rycerza, Skarbnika i Sekretarza. <\/span><\/span><\/p><p align=\"justify\"><span style=\"font-family: Times New Roman, serif;\"><span style=\"font-size: large;\"><b>B<\/b><\/span><\/span><span style=\"font-family: Times New Roman, serif;\"><span style=\"font-size: large;\">ratem Rycerzem mo\u017ce zosta\u0107 m\u0119\u017cczyzna-katolik \u017cyj\u0105cy w \u0142\u0105czno\u015bci ze Stolic\u0105 Apostolsk\u0105, zaproszony przez co najmniej jednego z braci lub duchownego. S\u0105 cztery stopnie rycerskie: Wiara, Mi\u0142osierdzie, Solidarno\u015b\u0107, Patriotyzm. Celem Zakonu jest formacja katolik\u00f3w-m\u0119\u017cczyzn \u015bwieckich poprzez stawianie sobie za wz\u00f3r osoby \u015bwi\u0119tego Jana Paw\u0142a II, kt\u00f3ry pokaza\u0142 jak mo\u017cna \u0142\u0105czy\u0107 m\u0119sko\u015b\u0107 i \u015bwi\u0119to\u015b\u0107 w dzisiejszym \u015bwiecie. Swoje powo\u0142anie rycerze spe\u0142niaj\u0105 poprzez: d\u0105\u017cenie do \u015bwi\u0119to\u015bci, obron\u0119 warto\u015bci chrze\u015bcija\u0144skich, rodziny, \u017cycia od pocz\u0119cia do naturalnej \u015bmierci, dbanie o rozw\u00f3j patriotyzmu i mi\u0142o\u015bci Ojczyzny, upowszechnianie nauczania Jana Paw\u0142a II, upowszechnianie katolickiej duchowo\u015bci \u015bwieckich, wzajemn\u0105 pomoc bratni\u0105 i czyny mi\u0142osierdzia skierowane ku swoim cz\u0142onkom, rodzinom, wsp\u00f3lnocie parafialnej i diecezjalnej, wspieranie ludzi potrzebuj\u0105cych, poprzez modlitw\u0119 i pomoc materialn\u0105, wspieranie duchowie\u0144stwa, rozwijanie duchowo\u015bci m\u0119\u017cczyzny, wspieranie chrze\u015bcijan prze\u015bladowanych, zaanga\u017cowanie w dzie\u0142o nowej ewangelizacji, czerpi\u0105c przyk\u0142ad z nauczania Jana Paw\u0142a II, kszta\u0142towanie poczucia, \u017ce na Rycerzy Jana Paw\u0142a II mo\u017cna zawsze liczy\u0107, jako na prawe rami\u0119 Ko\u015bcio\u0142a. <\/span><\/span><\/p><p align=\"justify\"><span style=\"font-family: Times New Roman, serif;\"><span style=\"font-size: large;\"><b>W<\/b><\/span><\/span><span style=\"font-family: Times New Roman, serif;\"><span style=\"font-size: large;\"> naszej parafii chor\u0105giew Zakonu Rycerzy Jana Paw\u0142a II zosta\u0142a powo\u0142ana do \u017cycia 17 grudnia 2017 roku. Wielkim Rycerzem jest brat Konrad Michalski. Nasze comiesi\u0119czne spotkania odbywaj\u0105 si\u0119 w Sali Parafialnej w ka\u017cd\u0105 pierwsz\u0105 sobot\u0119 miesi\u0105ca po Mszy \u015bw. o godz. 19.<\/span><\/span><\/p><p align=\"justify\"><span style=\"font-family: Times New Roman, serif;\"><span style=\"font-size: large;\"><b>O<\/b><\/span><\/span><span style=\"font-family: Times New Roman, serif;\"><span style=\"font-size: large;\">piekunem Rycerzy jest ks. proboszcz Tomasz Chcia\u0142owski.<\/span><\/span><\/p>\t\t\t\t\t\t\t\t<\/div>\n\t\t\t\t<\/div>\n\t\t\t\t\t<\/div>\n\t\t\t\t<\/div>\n\t\t<div class=\"elementor-element elementor-element-ec41b55 e-flex e-con-boxed e-con e-parent\" data-id=\"ec41b55\" data-element_type=\"container\" data-e-type=\"container\">\n\t\t\t\t\t<div class=\"e-con-inner\">\n\t\t\t\t<div class=\"elementor-element elementor-element-42baaad elementor-widget elementor-widget-image-gallery\" data-id=\"42baaad\" data-element_type=\"widget\" data-e-type=\"widget\" data-widget_type=\"image-gallery.default\">\n\t\t\t\t<div class=\"elementor-widget-container\">\n\t\t\t\t\t\t\t<div class=\"elementor-image-gallery\">\n\t\t\t<div id='gallery-1' class='gallery galleryid-31836 gallery-columns-2 gallery-size-medium_large'><figure class='gallery-item'>\n\t\t\t<div class='gallery-icon portrait'>\n\t\t\t\t<a data-elementor-open-lightbox=\"yes\" data-elementor-lightbox-slideshow=\"42baaad\" data-elementor-lightbox-title=\"1\" data-e-action-hash=\"#elementor-action%3Aaction%3Dlightbox%26settings%3DeyJpZCI6MzE4MzgsInVybCI6Imh0dHBzOlwvXC9tYmZhdGltc2thLm92aFwvd3AtY29udGVudFwvdXBsb2Fkc1wvMjAyNVwvMTFcLzEuanBnIiwic2xpZGVzaG93IjoiNDJiYWFhZCJ9\" href='https:\/\/mbfatimska.ovh\/wp-content\/uploads\/2025\/11\/1.jpg'><img fetchpriority=\"high\" width=\"417\" height=\"556\" src=\"https:\/\/mbfatimska.ovh\/wp-content\/uploads\/2025\/11\/1.jpg\" class=\"attachment-medium_large size-medium_large\" alt=\"\" decoding=\"async\" srcset=\"https:\/\/mbfatimska.ovh\/wp-content\/uploads\/2025\/11\/1.jpg 417w, https:\/\/mbfatimska.ovh\/wp-content\/uploads\/2025\/11\/1-225x300.jpg 225w\" sizes=\"(max-width: 417px) 100vw, 417px\" \/><\/a>\n\t\t\t<\/div><\/figure><figure class='gallery-item'>\n\t\t\t<div class='gallery-icon portrait'>\n\t\t\t\t<a data-elementor-open-lightbox=\"yes\" data-elementor-lightbox-slideshow=\"42baaad\" data-elementor-lightbox-title=\"3\" data-e-action-hash=\"#elementor-action%3Aaction%3Dlightbox%26settings%3DeyJpZCI6MzE4NDAsInVybCI6Imh0dHBzOlwvXC9tYmZhdGltc2thLm92aFwvd3AtY29udGVudFwvdXBsb2Fkc1wvMjAyNVwvMTFcLzMuanBnIiwic2xpZGVzaG93IjoiNDJiYWFhZCJ9\" href='https:\/\/mbfatimska.ovh\/wp-content\/uploads\/2025\/11\/3.jpg'><img width=\"449\" height=\"599\" src=\"https:\/\/mbfatimska.ovh\/wp-content\/uploads\/2025\/11\/3.jpg\" class=\"attachment-medium_large size-medium_large\" alt=\"\" decoding=\"async\" srcset=\"https:\/\/mbfatimska.ovh\/wp-content\/uploads\/2025\/11\/3.jpg 449w, https:\/\/mbfatimska.ovh\/wp-content\/uploads\/2025\/11\/3-225x300.jpg 225w\" sizes=\"(max-width: 449px) 100vw, 449px\" \/><\/a>\n\t\t\t<\/div><\/figure><figure class='gallery-item'>\n\t\t\t<div class='gallery-icon landscape'>\n\t\t\t\t<a data-elementor-open-lightbox=\"yes\" data-elementor-lightbox-slideshow=\"42baaad\" data-elementor-lightbox-title=\"2\" data-e-action-hash=\"#elementor-action%3Aaction%3Dlightbox%26settings%3DeyJpZCI6MzE4MzksInVybCI6Imh0dHBzOlwvXC9tYmZhdGltc2thLm92aFwvd3AtY29udGVudFwvdXBsb2Fkc1wvMjAyNVwvMTFcLzIuanBnIiwic2xpZGVzaG93IjoiNDJiYWFhZCJ9\" href='https:\/\/mbfatimska.ovh\/wp-content\/uploads\/2025\/11\/2.jpg'><img width=\"723\" height=\"482\" src=\"https:\/\/mbfatimska.ovh\/wp-content\/uploads\/2025\/11\/2.jpg\" class=\"attachment-medium_large size-medium_large\" alt=\"\" decoding=\"async\" srcset=\"https:\/\/mbfatimska.ovh\/wp-content\/uploads\/2025\/11\/2.jpg 723w, https:\/\/mbfatimska.ovh\/wp-content\/uploads\/2025\/11\/2-300x200.jpg 300w\" sizes=\"(max-width: 723px) 100vw, 723px\" \/><\/a>\n\t\t\t<\/div><\/figure><figure class='gallery-item'>\n\t\t\t<div class='gallery-icon landscape'>\n\t\t\t\t<a data-elementor-open-lightbox=\"yes\" data-elementor-lightbox-slideshow=\"42baaad\" data-elementor-lightbox-title=\"4\" data-e-action-hash=\"#elementor-action%3Aaction%3Dlightbox%26settings%3DeyJpZCI6MzE4MzcsInVybCI6Imh0dHBzOlwvXC9tYmZhdGltc2thLm92aFwvd3AtY29udGVudFwvdXBsb2Fkc1wvMjAyNVwvMTFcLzQuanBnIiwic2xpZGVzaG93IjoiNDJiYWFhZCJ9\" href='https:\/\/mbfatimska.ovh\/wp-content\/uploads\/2025\/11\/4.jpg'><img loading=\"lazy\" width=\"724\" height=\"482\" src=\"https:\/\/mbfatimska.ovh\/wp-content\/uploads\/2025\/11\/4.jpg\" class=\"attachment-medium_large size-medium_large\" alt=\"\" decoding=\"async\" srcset=\"https:\/\/mbfatimska.ovh\/wp-content\/uploads\/2025\/11\/4.jpg 724w, https:\/\/mbfatimska.ovh\/wp-content\/uploads\/2025\/11\/4-300x200.jpg 300w\" sizes=\"(max-width: 724px) 100vw, 724px\" \/><\/a>\n\t\t\t<\/div><\/figure>\n\t\t<\/div>\n\t\t<\/div>\n\t\t\t\t\t\t<\/div>\n\t\t\t\t<\/div>\n\t\t\t\t\t<\/div>\n\t\t\t\t<\/div>\n\t\t\t\t<\/div>\n\t\t","protected":false},"excerpt":{"rendered":"<p>Inicjatywa powstania Zakonu Rycerzy Jana Paw\u0142a II zrodzi\u0142a si\u0119 w\u015br\u00f3d polskich katolik\u00f3w \u015bwieckich, jako wotum wdzi\u0119czno\u015bci za dar beatyfikacji \u015awi\u0119tego Jana Paw\u0142a II. Zakon zrzesza m\u0119\u017cczyzn przyjmuj\u0105cych za wz\u00f3r \u017cycie Papie\u017ca Polaka. Podstawow\u0105 jednostk\u0105 organizacyjn\u0105 Zakonu jest parafia, w kt\u00f3rej bracia koncentruj\u0105 swe \u017cycie religijne i pos\u0142ug\u0119 wsp\u00f3lnocie. W parafii tworz\u0105 chor\u0105giew. Wy\u017cszymi jednostkami organizacyjnymi [&hellip;]<\/p>\n","protected":false},"author":8,"featured_media":30657,"parent":0,"menu_order":0,"comment_status":"closed","ping_status":"closed","template":"","meta":{"footnotes":""},"class_list":["post-31836","page","type-page","status-publish","has-post-thumbnail","hentry"],"_links":{"self":[{"href":"https:\/\/mbfatimska.ovh\/index.php\/wp-json\/wp\/v2\/pages\/31836","targetHints":{"allow":["GET"]}}],"collection":[{"href":"https:\/\/mbfatimska.ovh\/index.php\/wp-json\/wp\/v2\/pages"}],"about":[{"href":"https:\/\/mbfatimska.ovh\/index.php\/wp-json\/wp\/v2\/types\/page"}],"author":[{"embeddable":true,"href":"https:\/\/mbfatimska.ovh\/index.php\/wp-json\/wp\/v2\/users\/8"}],"replies":[{"embeddable":true,"href":"https:\/\/mbfatimska.ovh\/index.php\/wp-json\/wp\/v2\/comments?post=31836"}],"version-history":[{"count":3,"href":"https:\/\/mbfatimska.ovh\/index.php\/wp-json\/wp\/v2\/pages\/31836\/revisions"}],"predecessor-version":[{"id":31843,"href":"https:\/\/mbfatimska.ovh\/index.php\/wp-json\/wp\/v2\/pages\/31836\/revisions\/31843"}],"wp:featuredmedia":[{"embeddable":true,"href":"https:\/\/mbfatimska.ovh\/index.php\/wp-json\/wp\/v2\/media\/30657"}],"wp:attachment":[{"href":"https:\/\/mbfatimska.ovh\/index.php\/wp-json\/wp\/v2\/media?parent=31836"}],"curies":[{"name":"wp","href":"https:\/\/api.w.org\/{rel}","templated":true}]}}