{"id":31873,"date":"2025-11-03T12:55:07","date_gmt":"2025-11-03T12:55:07","guid":{"rendered":"https:\/\/mbfatimska.ovh\/?page_id=31873"},"modified":"2025-11-03T12:57:15","modified_gmt":"2025-11-03T12:57:15","slug":"domowy-kosciol-ruchu-swiatlo-i-zycie","status":"publish","type":"page","link":"https:\/\/mbfatimska.ovh\/index.php\/domowy-kosciol-ruchu-swiatlo-i-zycie\/","title":{"rendered":"Domowy Ko\u015bci\u00f3\u0142 Ruchu \u015awiat\u0142o i \u017bycie"},"content":{"rendered":"\t\t<div data-elementor-type=\"wp-page\" data-elementor-id=\"31873\" class=\"elementor elementor-31873\" data-elementor-post-type=\"page\">\n\t\t\t\t<div class=\"elementor-element elementor-element-7f6e5be e-flex e-con-boxed e-con e-parent\" data-id=\"7f6e5be\" data-element_type=\"container\" data-e-type=\"container\">\n\t\t\t\t\t<div class=\"e-con-inner\">\n\t\t\t\t<div class=\"elementor-element elementor-element-4e53501 elementor-widget elementor-widget-text-editor\" data-id=\"4e53501\" data-element_type=\"widget\" data-e-type=\"widget\" data-widget_type=\"text-editor.default\">\n\t\t\t\t<div class=\"elementor-widget-container\">\n\t\t\t\t\t\t\t\t\t<p align=\"justify\"><span style=\"font-family: Times New Roman, serif;\"><span style=\"font-size: large;\"><b>D<\/b><\/span><\/span><span style=\"font-family: Times New Roman, serif;\"><span style=\"font-size: large;\">omowy Ko\u015bci\u00f3\u0142 Ruchu \u015awiat\u0142o-\u017bycie pomaga ma\u0142\u017conkom sakramentalnym czerpa\u0107 z \u0142aski i mocy sakramentu ma\u0142\u017ce\u0144stwa, uczy jak \u017cy\u0107 tym sakramentem i celebrowa\u0107 go przez ca\u0142e \u017cycie. Duchowo\u015b\u0107 ma\u0142\u017ce\u0144ska proponowana w ramach Domowego Ko\u015bcio\u0142a jest realizowana poprzez przyj\u0119cie element\u00f3w formacyjnych nazywanych Zobowi\u0105zaniami. Ma\u0142\u017ce\u0144stwa formuj\u0105ce si\u0119 w Domowym Ko\u015bciele uczestnicz\u0105 w comiesi\u0119cznych spotkaniach kr\u0119gu, kt\u00f3re organizowane s\u0105 w domach poszczeg\u00f3lnych ma\u0142\u017ce\u0144stw z udzia\u0142em kap\u0142ana b\u0119d\u0105cego moderatorem kr\u0119gu. Spotkania trwaj\u0105 oko\u0142o trzech godzin i z\u0142o\u017cone s\u0105 ze sta\u0142ych cz\u0119\u015bci \u2013 dzielenia si\u0119 \u017cyciem, modlitwy, lektury i rozwa\u017cania fragmentu Pisma \u015awi\u0119tego, dzielenia si\u0119 realizacj\u0105 zobowi\u0105za\u0144 oraz wsp\u00f3lnym om\u00f3wieniu przewidzianego na dany miesi\u0105c tematu formacyjnego.<\/span><\/span><\/p><p align=\"justify\"><span style=\"font-family: Times New Roman, serif;\"><span style=\"font-size: large;\"><b>M<\/b><\/span><\/span><span style=\"font-family: Times New Roman, serif;\"><span style=\"font-size: large;\">a\u0142\u017ce\u0144stwa nale\u017c\u0105ce do Domowego Ko\u015bcio\u0142a wezwane s\u0105 do pos\u0142ugi na rzecz w\u0142asnej rodziny, pos\u0142ugi rozumianej jako budowanie wsp\u00f3lnoty Wiary, Nadziei i Mi\u0142o\u015bci. Taka \u015bwiadomo\u015b\u0107 uzdalnia do wielkodusznej postawy s\u0142u\u017cby na rzecz rodziny i poszczeg\u00f3lnych jej cz\u0142onk\u00f3w, a tak\u017ce przyjmowania daru s\u0142u\u017cby od innych. W ramach pos\u0142ugi w Domowym Ko\u015bciele, ma\u0142\u017ce\u0144stwa formuj\u0105ce si\u0119 w kr\u0119gu stale wsp\u00f3\u0142pracuj\u0105 z Proboszczem, a tak\u017ce anga\u017cuj\u0105 si\u0119 r\u00f3wnie\u017c w \u017cycie Parafii, mi\u0119dzy innymi poprzez s\u0142u\u017cb\u0119 liturgiczn\u0105, drogi krzy\u017cowe, czuwanie w wigili\u0119 Zes\u0142ania Ducha \u015awi\u0119tego oraz adoracje.<\/span><\/span><\/p><p align=\"justify\"><span style=\"font-family: Times New Roman, serif;\"><span style=\"font-size: large;\"><b>W<\/b><\/span><\/span><span style=\"font-family: Times New Roman, serif;\"><span style=\"font-size: large;\"> naszej Parafii dzia\u0142a obecnie jeden kr\u0105g istniej\u0105cy od 2017 roku, w kt\u00f3rym obecnie formuje si\u0119 pi\u0119\u0107 ma\u0142\u017ce\u0144stw. Duchowym moderatorem kr\u0119gu jest obecnie ks. Marek Nowak, a wcze\u015bniej ks. Krystian Czerski, ks. Piotr Doma\u0144ski oraz ks. Marcin Wojtczak. Obecnymi animatorami kr\u0119gu s\u0105 Agnieszka i Piotr Rybczy\u0144scy. Wszystkie ma\u0142\u017ce\u0144stwa formuj\u0105ce si\u0119 w kr\u0119gu uczestniczy\u0142y w 15-dniowych rekolekcjach formacyjnych przynajmniej I stopnia. W latach 2018-2019, w Parafii prowadzone by\u0142y r\u00f3wnie\u017c ewangelizacja i pilota\u017c drugiego kr\u0119gu Domowego Ko\u015bcio\u0142a.<\/span><\/span><\/p>\t\t\t\t\t\t\t\t<\/div>\n\t\t\t\t<\/div>\n\t\t\t\t\t<\/div>\n\t\t\t\t<\/div>\n\t\t<div class=\"elementor-element elementor-element-bb68282 e-flex e-con-boxed e-con e-parent\" data-id=\"bb68282\" data-element_type=\"container\" data-e-type=\"container\">\n\t\t\t\t\t<div class=\"e-con-inner\">\n\t\t\t\t<div class=\"elementor-element elementor-element-5ec2ff0 elementor-widget elementor-widget-image-gallery\" data-id=\"5ec2ff0\" data-element_type=\"widget\" data-e-type=\"widget\" data-widget_type=\"image-gallery.default\">\n\t\t\t\t<div class=\"elementor-widget-container\">\n\t\t\t\t\t\t\t<div class=\"elementor-image-gallery\">\n\t\t\t<div id='gallery-1' class='gallery galleryid-31873 gallery-columns-3 gallery-size-medium_large'><figure class='gallery-item'>\n\t\t\t<div class='gallery-icon landscape'>\n\t\t\t\t<a data-elementor-open-lightbox=\"yes\" data-elementor-lightbox-slideshow=\"5ec2ff0\" data-elementor-lightbox-title=\"1\" data-e-action-hash=\"#elementor-action%3Aaction%3Dlightbox%26settings%3DeyJpZCI6MzE4NzQsInVybCI6Imh0dHBzOlwvXC9tYmZhdGltc2thLm92aFwvd3AtY29udGVudFwvdXBsb2Fkc1wvMjAyNVwvMTFcLzEtMy5qcGciLCJzbGlkZXNob3ciOiI1ZWMyZmYwIn0%3D\" href='https:\/\/mbfatimska.ovh\/wp-content\/uploads\/2025\/11\/1-3.jpg'><img fetchpriority=\"high\" width=\"768\" height=\"578\" src=\"https:\/\/mbfatimska.ovh\/wp-content\/uploads\/2025\/11\/1-3-768x578.jpg\" class=\"attachment-medium_large size-medium_large\" alt=\"\" decoding=\"async\" srcset=\"https:\/\/mbfatimska.ovh\/wp-content\/uploads\/2025\/11\/1-3-768x578.jpg 768w, https:\/\/mbfatimska.ovh\/wp-content\/uploads\/2025\/11\/1-3-300x226.jpg 300w, https:\/\/mbfatimska.ovh\/wp-content\/uploads\/2025\/11\/1-3-1024x771.jpg 1024w, https:\/\/mbfatimska.ovh\/wp-content\/uploads\/2025\/11\/1-3.jpg 1087w\" sizes=\"(max-width: 768px) 100vw, 768px\" \/><\/a>\n\t\t\t<\/div><\/figure><figure class='gallery-item'>\n\t\t\t<div class='gallery-icon landscape'>\n\t\t\t\t<a data-elementor-open-lightbox=\"yes\" data-elementor-lightbox-slideshow=\"5ec2ff0\" data-elementor-lightbox-title=\"2\" data-e-action-hash=\"#elementor-action%3Aaction%3Dlightbox%26settings%3DeyJpZCI6MzE4NzUsInVybCI6Imh0dHBzOlwvXC9tYmZhdGltc2thLm92aFwvd3AtY29udGVudFwvdXBsb2Fkc1wvMjAyNVwvMTFcLzItMy5qcGciLCJzbGlkZXNob3ciOiI1ZWMyZmYwIn0%3D\" href='https:\/\/mbfatimska.ovh\/wp-content\/uploads\/2025\/11\/2-3.jpg'><img width=\"768\" height=\"576\" src=\"https:\/\/mbfatimska.ovh\/wp-content\/uploads\/2025\/11\/2-3-768x576.jpg\" class=\"attachment-medium_large size-medium_large\" alt=\"\" decoding=\"async\" srcset=\"https:\/\/mbfatimska.ovh\/wp-content\/uploads\/2025\/11\/2-3-768x576.jpg 768w, https:\/\/mbfatimska.ovh\/wp-content\/uploads\/2025\/11\/2-3-300x225.jpg 300w, https:\/\/mbfatimska.ovh\/wp-content\/uploads\/2025\/11\/2-3-1024x768.jpg 1024w, https:\/\/mbfatimska.ovh\/wp-content\/uploads\/2025\/11\/2-3-1536x1152.jpg 1536w, https:\/\/mbfatimska.ovh\/wp-content\/uploads\/2025\/11\/2-3.jpg 2048w\" sizes=\"(max-width: 768px) 100vw, 768px\" \/><\/a>\n\t\t\t<\/div><\/figure><figure class='gallery-item'>\n\t\t\t<div class='gallery-icon landscape'>\n\t\t\t\t<a data-elementor-open-lightbox=\"yes\" data-elementor-lightbox-slideshow=\"5ec2ff0\" data-elementor-lightbox-title=\"3\" data-e-action-hash=\"#elementor-action%3Aaction%3Dlightbox%26settings%3DeyJpZCI6MzE4NzYsInVybCI6Imh0dHBzOlwvXC9tYmZhdGltc2thLm92aFwvd3AtY29udGVudFwvdXBsb2Fkc1wvMjAyNVwvMTFcLzMtMy5qcGciLCJzbGlkZXNob3ciOiI1ZWMyZmYwIn0%3D\" href='https:\/\/mbfatimska.ovh\/wp-content\/uploads\/2025\/11\/3-3.jpg'><img width=\"768\" height=\"576\" src=\"https:\/\/mbfatimska.ovh\/wp-content\/uploads\/2025\/11\/3-3-768x576.jpg\" class=\"attachment-medium_large size-medium_large\" alt=\"\" decoding=\"async\" srcset=\"https:\/\/mbfatimska.ovh\/wp-content\/uploads\/2025\/11\/3-3-768x576.jpg 768w, https:\/\/mbfatimska.ovh\/wp-content\/uploads\/2025\/11\/3-3-300x225.jpg 300w, https:\/\/mbfatimska.ovh\/wp-content\/uploads\/2025\/11\/3-3-1024x768.jpg 1024w, https:\/\/mbfatimska.ovh\/wp-content\/uploads\/2025\/11\/3-3-1536x1152.jpg 1536w, https:\/\/mbfatimska.ovh\/wp-content\/uploads\/2025\/11\/3-3.jpg 1824w\" sizes=\"(max-width: 768px) 100vw, 768px\" \/><\/a>\n\t\t\t<\/div><\/figure>\n\t\t<\/div>\n\t\t<\/div>\n\t\t\t\t\t\t<\/div>\n\t\t\t\t<\/div>\n\t\t\t\t\t<\/div>\n\t\t\t\t<\/div>\n\t\t\t\t<\/div>\n\t\t","protected":false},"excerpt":{"rendered":"<p>Domowy Ko\u015bci\u00f3\u0142 Ruchu \u015awiat\u0142o-\u017bycie pomaga ma\u0142\u017conkom sakramentalnym czerpa\u0107 z \u0142aski i mocy sakramentu ma\u0142\u017ce\u0144stwa, uczy jak \u017cy\u0107 tym sakramentem i celebrowa\u0107 go przez ca\u0142e \u017cycie. Duchowo\u015b\u0107 ma\u0142\u017ce\u0144ska proponowana w ramach Domowego Ko\u015bcio\u0142a jest realizowana poprzez przyj\u0119cie element\u00f3w formacyjnych nazywanych Zobowi\u0105zaniami. Ma\u0142\u017ce\u0144stwa formuj\u0105ce si\u0119 w Domowym Ko\u015bciele uczestnicz\u0105 w comiesi\u0119cznych spotkaniach kr\u0119gu, kt\u00f3re organizowane s\u0105 w [&hellip;]<\/p>\n","protected":false},"author":1,"featured_media":30657,"parent":0,"menu_order":0,"comment_status":"closed","ping_status":"closed","template":"","meta":{"footnotes":""},"class_list":["post-31873","page","type-page","status-publish","has-post-thumbnail","hentry"],"_links":{"self":[{"href":"https:\/\/mbfatimska.ovh\/index.php\/wp-json\/wp\/v2\/pages\/31873","targetHints":{"allow":["GET"]}}],"collection":[{"href":"https:\/\/mbfatimska.ovh\/index.php\/wp-json\/wp\/v2\/pages"}],"about":[{"href":"https:\/\/mbfatimska.ovh\/index.php\/wp-json\/wp\/v2\/types\/page"}],"author":[{"embeddable":true,"href":"https:\/\/mbfatimska.ovh\/index.php\/wp-json\/wp\/v2\/users\/1"}],"replies":[{"embeddable":true,"href":"https:\/\/mbfatimska.ovh\/index.php\/wp-json\/wp\/v2\/comments?post=31873"}],"version-history":[{"count":3,"href":"https:\/\/mbfatimska.ovh\/index.php\/wp-json\/wp\/v2\/pages\/31873\/revisions"}],"predecessor-version":[{"id":31880,"href":"https:\/\/mbfatimska.ovh\/index.php\/wp-json\/wp\/v2\/pages\/31873\/revisions\/31880"}],"wp:featuredmedia":[{"embeddable":true,"href":"https:\/\/mbfatimska.ovh\/index.php\/wp-json\/wp\/v2\/media\/30657"}],"wp:attachment":[{"href":"https:\/\/mbfatimska.ovh\/index.php\/wp-json\/wp\/v2\/media?parent=31873"}],"curies":[{"name":"wp","href":"https:\/\/api.w.org\/{rel}","templated":true}]}}