{"id":31889,"date":"2025-11-03T13:07:50","date_gmt":"2025-11-03T13:07:50","guid":{"rendered":"https:\/\/mbfatimska.ovh\/?page_id=31889"},"modified":"2025-11-03T13:23:41","modified_gmt":"2025-11-03T13:23:41","slug":"wspolnota-przedsiebiorcow-i-pracodawcow-talent","status":"publish","type":"page","link":"https:\/\/mbfatimska.ovh\/index.php\/wspolnota-przedsiebiorcow-i-pracodawcow-talent\/","title":{"rendered":"Wsp\u00f3lnota Przedsi\u0119biorc\u00f3w i Pracodawc\u00f3w TALENT"},"content":{"rendered":"\t\t<div data-elementor-type=\"wp-page\" data-elementor-id=\"31889\" class=\"elementor elementor-31889\" data-elementor-post-type=\"page\">\n\t\t\t\t<div class=\"elementor-element elementor-element-b3a95b6 e-flex e-con-boxed e-con e-parent\" data-id=\"b3a95b6\" data-element_type=\"container\" data-e-type=\"container\">\n\t\t\t\t\t<div class=\"e-con-inner\">\n\t\t\t\t<div class=\"elementor-element elementor-element-924b936 elementor-widget elementor-widget-text-editor\" data-id=\"924b936\" data-element_type=\"widget\" data-e-type=\"widget\" data-widget_type=\"text-editor.default\">\n\t\t\t\t<div class=\"elementor-widget-container\">\n\t\t\t\t\t\t\t\t\t<p align=\"justify\"><span style=\"font-family: Times New Roman, serif;\"><span style=\"font-size: large;\"><b>W<\/b><\/span><\/span><span style=\"font-family: Times New Roman, serif;\"><span style=\"font-size: large;\"> ko\u015bciele od dziesi\u0119ciu ju\u017c lat sprawowana jest Msza \u015awi\u0119ta w intencji lokalnych firm, ich w\u0142a\u015bcicieli, pracownik\u00f3w i\u00a0kontrahent\u00f3w. Z tej inicjatywy powsta\u0142o pragnienie g\u0142\u0119bszej formacji dla pracodawc\u00f3w i\u00a0zawi\u0105za\u0142a si\u0119 grupa ch\u0119tnych pracodawc\u00f3w. <\/span><\/span><\/p><p align=\"justify\"><span style=\"font-family: Times New Roman, serif;\"><span style=\"font-size: large;\"><b>P<\/b><\/span><\/span><span style=\"font-family: Times New Roman, serif;\"><span style=\"font-size: large;\">o zg\u0142oszeniu inicjatywy do proboszcza ks. Tomasza Chcia\u0142owskiego, udost\u0119pni\u0142 nam pomieszczenia w kt\u00f3rych mo\u017cemy si\u0119 cyklicznie co miesi\u0105c spotyka\u0107. Z inicjatywy czcigodnego proboszcza otrzymali\u015bmy dodatkowe wsparcie w osobie kap\u0142ana kt\u00f3ry towarzyszy nam w spotkaniach a obecnie jest nim ks. Arkadiusz Grzeszczak SAC. O materia\u0142y formacyjne i\u00a0dodatkow\u0105 opiek\u0119 poprosi\u0142em odpowiedzialnego za duszpasterstwo pracodawc\u00f3w Talent, ks. Grzegorza Pi\u0105tka ze zgromadzenia ksi\u0119\u017cy sercan\u00f3w. Spotkania s\u0105 prowadzone z materia\u0142\u00f3w otrzymanych i\u00a0rozpoczynamy modlitw\u0105, lektur\u0105 wybranych fragment\u00f3w Pisma \u015awi\u0119tego, nast\u0119pnie jest dzielenie si\u0119 s\u0142owem i odpowiedzi na przygotowane pytania.<\/span><\/span><\/p><p align=\"justify\"><span style=\"font-family: Times New Roman, serif;\"><span style=\"font-size: large;\"><b>W<\/b><\/span><\/span><span style=\"font-family: Times New Roman, serif;\"><span style=\"font-size: large;\"> zale\u017cno\u015bci od liczby os\u00f3b na danym spotkaniu jest jedna lub dwie grupy dzielenia. Ka\u017cde spotkanie poprzedzone jest uczestnictwem w sprawowanej Mszy \u015awi\u0119tej.<\/span><\/span><\/p><p align=\"justify\"><span style=\"font-family: Times New Roman, serif;\"><span style=\"font-size: large;\"><b>D<\/b><\/span><\/span><span style=\"font-family: Times New Roman, serif;\"><span style=\"font-size: large;\">o grupy ucz\u0119szcza stale oko\u0142o dziesi\u0119ciu os\u00f3b, a przynale\u017cy prawie trzydzie\u015bci. Jako, \u017ce cz\u0142onkowie nie nale\u017c\u0105 do jednej parafii ka\u017cdy z nas aktywnie wspiera t\u0105 do kt\u00f3rej przynale\u017cy, a przy r\u00f3\u017cnych okoliczno\u015bciach lokalnych delegujemy swoich przedstawicieli. <\/span><\/span><\/p>\t\t\t\t\t\t\t\t<\/div>\n\t\t\t\t<\/div>\n\t\t\t\t\t<\/div>\n\t\t\t\t<\/div>\n\t\t<div class=\"elementor-element elementor-element-0e1b535 e-flex e-con-boxed e-con e-parent\" data-id=\"0e1b535\" data-element_type=\"container\" data-e-type=\"container\">\n\t\t\t\t\t<div class=\"e-con-inner\">\n\t\t\t\t<div class=\"elementor-element elementor-element-ab664dd elementor-widget elementor-widget-image-gallery\" data-id=\"ab664dd\" data-element_type=\"widget\" data-e-type=\"widget\" data-widget_type=\"image-gallery.default\">\n\t\t\t\t<div class=\"elementor-widget-container\">\n\t\t\t\t\t\t\t<div class=\"elementor-image-gallery\">\n\t\t\t<div id='gallery-1' class='gallery galleryid-31889 gallery-columns-3 gallery-size-medium'><figure class='gallery-item'>\n\t\t\t<div class='gallery-icon landscape'>\n\t\t\t\t<a data-elementor-open-lightbox=\"yes\" data-elementor-lightbox-slideshow=\"ab664dd\" data-elementor-lightbox-title=\"1\" data-e-action-hash=\"#elementor-action%3Aaction%3Dlightbox%26settings%3DeyJpZCI6MzE4OTAsInVybCI6Imh0dHBzOlwvXC9tYmZhdGltc2thLm92aFwvd3AtY29udGVudFwvdXBsb2Fkc1wvMjAyNVwvMTFcLzEtNS5qcGciLCJzbGlkZXNob3ciOiJhYjY2NGRkIn0%3D\" href='https:\/\/mbfatimska.ovh\/wp-content\/uploads\/2025\/11\/1-5.jpg'><img fetchpriority=\"high\" decoding=\"async\" width=\"300\" height=\"200\" src=\"https:\/\/mbfatimska.ovh\/wp-content\/uploads\/2025\/11\/1-5-300x200.jpg\" class=\"attachment-medium size-medium\" alt=\"\" srcset=\"https:\/\/mbfatimska.ovh\/wp-content\/uploads\/2025\/11\/1-5-300x200.jpg 300w, https:\/\/mbfatimska.ovh\/wp-content\/uploads\/2025\/11\/1-5.jpg 722w\" sizes=\"(max-width: 300px) 100vw, 300px\" \/><\/a>\n\t\t\t<\/div><\/figure><figure class='gallery-item'>\n\t\t\t<div class='gallery-icon landscape'>\n\t\t\t\t<a data-elementor-open-lightbox=\"yes\" data-elementor-lightbox-slideshow=\"ab664dd\" data-elementor-lightbox-title=\"2\" data-e-action-hash=\"#elementor-action%3Aaction%3Dlightbox%26settings%3DeyJpZCI6MzE4OTEsInVybCI6Imh0dHBzOlwvXC9tYmZhdGltc2thLm92aFwvd3AtY29udGVudFwvdXBsb2Fkc1wvMjAyNVwvMTFcLzItNC5qcGciLCJzbGlkZXNob3ciOiJhYjY2NGRkIn0%3D\" href='https:\/\/mbfatimska.ovh\/wp-content\/uploads\/2025\/11\/2-4.jpg'><img decoding=\"async\" width=\"300\" height=\"205\" src=\"https:\/\/mbfatimska.ovh\/wp-content\/uploads\/2025\/11\/2-4-300x205.jpg\" class=\"attachment-medium size-medium\" alt=\"\" srcset=\"https:\/\/mbfatimska.ovh\/wp-content\/uploads\/2025\/11\/2-4-300x205.jpg 300w, https:\/\/mbfatimska.ovh\/wp-content\/uploads\/2025\/11\/2-4-768x525.jpg 768w, https:\/\/mbfatimska.ovh\/wp-content\/uploads\/2025\/11\/2-4.jpg 869w\" sizes=\"(max-width: 300px) 100vw, 300px\" \/><\/a>\n\t\t\t<\/div><\/figure><figure class='gallery-item'>\n\t\t\t<div class='gallery-icon landscape'>\n\t\t\t\t<a data-elementor-open-lightbox=\"yes\" data-elementor-lightbox-slideshow=\"ab664dd\" data-elementor-lightbox-title=\"3\" data-e-action-hash=\"#elementor-action%3Aaction%3Dlightbox%26settings%3DeyJpZCI6MzE4OTIsInVybCI6Imh0dHBzOlwvXC9tYmZhdGltc2thLm92aFwvd3AtY29udGVudFwvdXBsb2Fkc1wvMjAyNVwvMTFcLzMtNC5qcGciLCJzbGlkZXNob3ciOiJhYjY2NGRkIn0%3D\" href='https:\/\/mbfatimska.ovh\/wp-content\/uploads\/2025\/11\/3-4.jpg'><img decoding=\"async\" width=\"300\" height=\"225\" src=\"https:\/\/mbfatimska.ovh\/wp-content\/uploads\/2025\/11\/3-4-300x225.jpg\" class=\"attachment-medium size-medium\" alt=\"\" srcset=\"https:\/\/mbfatimska.ovh\/wp-content\/uploads\/2025\/11\/3-4-300x225.jpg 300w, https:\/\/mbfatimska.ovh\/wp-content\/uploads\/2025\/11\/3-4-1024x768.jpg 1024w, https:\/\/mbfatimska.ovh\/wp-content\/uploads\/2025\/11\/3-4-768x576.jpg 768w, https:\/\/mbfatimska.ovh\/wp-content\/uploads\/2025\/11\/3-4.jpg 1232w\" sizes=\"(max-width: 300px) 100vw, 300px\" \/><\/a>\n\t\t\t<\/div><\/figure>\n\t\t<\/div>\n\t\t<\/div>\n\t\t\t\t\t\t<\/div>\n\t\t\t\t<\/div>\n\t\t\t\t\t<\/div>\n\t\t\t\t<\/div>\n\t\t\t\t<\/div>\n\t\t","protected":false},"excerpt":{"rendered":"<p>W ko\u015bciele od dziesi\u0119ciu ju\u017c lat sprawowana jest Msza \u015awi\u0119ta w intencji lokalnych firm, ich w\u0142a\u015bcicieli, pracownik\u00f3w i\u00a0kontrahent\u00f3w. Z tej inicjatywy powsta\u0142o pragnienie g\u0142\u0119bszej formacji dla pracodawc\u00f3w i\u00a0zawi\u0105za\u0142a si\u0119 grupa ch\u0119tnych pracodawc\u00f3w. Po zg\u0142oszeniu inicjatywy do proboszcza ks. Tomasza Chcia\u0142owskiego, udost\u0119pni\u0142 nam pomieszczenia w kt\u00f3rych mo\u017cemy si\u0119 cyklicznie co miesi\u0105c spotyka\u0107. Z inicjatywy czcigodnego proboszcza [&hellip;]<\/p>\n","protected":false},"author":1,"featured_media":30657,"parent":0,"menu_order":0,"comment_status":"closed","ping_status":"closed","template":"","meta":{"footnotes":""},"class_list":["post-31889","page","type-page","status-publish","has-post-thumbnail","hentry"],"_links":{"self":[{"href":"https:\/\/mbfatimska.ovh\/index.php\/wp-json\/wp\/v2\/pages\/31889","targetHints":{"allow":["GET"]}}],"collection":[{"href":"https:\/\/mbfatimska.ovh\/index.php\/wp-json\/wp\/v2\/pages"}],"about":[{"href":"https:\/\/mbfatimska.ovh\/index.php\/wp-json\/wp\/v2\/types\/page"}],"author":[{"embeddable":true,"href":"https:\/\/mbfatimska.ovh\/index.php\/wp-json\/wp\/v2\/users\/1"}],"replies":[{"embeddable":true,"href":"https:\/\/mbfatimska.ovh\/index.php\/wp-json\/wp\/v2\/comments?post=31889"}],"version-history":[{"count":3,"href":"https:\/\/mbfatimska.ovh\/index.php\/wp-json\/wp\/v2\/pages\/31889\/revisions"}],"predecessor-version":[{"id":31895,"href":"https:\/\/mbfatimska.ovh\/index.php\/wp-json\/wp\/v2\/pages\/31889\/revisions\/31895"}],"wp:featuredmedia":[{"embeddable":true,"href":"https:\/\/mbfatimska.ovh\/index.php\/wp-json\/wp\/v2\/media\/30657"}],"wp:attachment":[{"href":"https:\/\/mbfatimska.ovh\/index.php\/wp-json\/wp\/v2\/media?parent=31889"}],"curies":[{"name":"wp","href":"https:\/\/api.w.org\/{rel}","templated":true}]}}