{"id":31897,"date":"2025-11-03T13:42:36","date_gmt":"2025-11-03T13:42:36","guid":{"rendered":"https:\/\/mbfatimska.ovh\/?page_id=31897"},"modified":"2025-11-03T13:45:18","modified_gmt":"2025-11-03T13:45:18","slug":"bielanki","status":"publish","type":"page","link":"https:\/\/mbfatimska.ovh\/index.php\/bielanki\/","title":{"rendered":"Bielanki"},"content":{"rendered":"\t\t<div data-elementor-type=\"wp-page\" data-elementor-id=\"31897\" class=\"elementor elementor-31897\" data-elementor-post-type=\"page\">\n\t\t\t\t<div class=\"elementor-element elementor-element-d805035 e-flex e-con-boxed e-con e-parent\" data-id=\"d805035\" data-element_type=\"container\" data-e-type=\"container\">\n\t\t\t\t\t<div class=\"e-con-inner\">\n\t\t\t\t<div class=\"elementor-element elementor-element-b2827ab elementor-widget elementor-widget-text-editor\" data-id=\"b2827ab\" data-element_type=\"widget\" data-e-type=\"widget\" data-widget_type=\"text-editor.default\">\n\t\t\t\t<div class=\"elementor-widget-container\">\n\t\t\t\t\t\t\t\t\t<p align=\"justify\"><span style=\"font-family: Times New Roman, serif;\"><span style=\"font-size: large;\"><b>O<\/b><\/span><\/span><span style=\"font-family: Times New Roman, serif;\"><span style=\"font-size: large;\">d samego pocz\u0105tku istnienia naszej Parafii dzia\u0142a Wsp\u00f3lnota Liturgiczna Bielanek. Obecnie w naszej Parafii jest 18 bielanek i jedna animatorka, kt\u00f3ra koordynuje s\u0142u\u017cb\u0119 oraz formacj\u0119 dziewcz\u0105t pod okiem Ksi\u0119dza Proboszcza. <\/span><\/span><\/p><p align=\"justify\"><span style=\"font-family: Times New Roman, serif;\"><span style=\"font-size: large;\"><b>D<\/b><\/span><\/span><span style=\"font-family: Times New Roman, serif;\"><span style=\"font-size: large;\">ziewcz\u0119ta nale\u017c\u0105ce do Bielanek zajmuj\u0105 si\u0119 mi\u0119dzy innymi opraw\u0105 liturgiczn\u0105 podczas Mszy \u015awi\u0119tych niedzielnych o 11.00, nabo\u017ce\u0144stw, adoruj\u0105 Naj\u015bwi\u0119tszego Sakramentu w Triduum Paschalnym, oraz upi\u0119kszaj\u0105 procesj\u0119 Rezurekcyjn\u0105 oraz Bo\u017cego Cia\u0142a poprzez sypanie kwiat\u00f3w, niesienie poduszek i szarf. Opr\u00f3cz dzia\u0142alno\u015bci w Parafii uczestnicz\u0105 r\u00f3wnie\u017c w ca\u0142orocznej formacji, kt\u00f3ra polega przede wszystkim na uczestnictwie w regularnych spotkaniach, na kt\u00f3rych najwa\u017cniejszymi elementami s\u0105 modlitwa i odkrywanie tre\u015bci Ewangelii przez zabaw\u0119 i prac\u0119 w grupach. W ci\u0105gu roku jest jeden dzie\u0144 bardzo wa\u017cny dla ka\u017cdej bielanki. W czasie rekolekcji na s\u0142u\u017cb\u0119 w grono bielanek zostaj\u0105 wprowadzane nowe dziewcz\u0119ta, kt\u00f3re wyra\u017c\u0105 szczer\u0105 ch\u0119\u0107 pracy na rzecz Ko\u015bcio\u0142a. \u015awi\u0119tuj\u0105 wtedy nie tylko dziewczynki rozpoczynaj\u0105ce biela\u0144sk\u0105 pos\u0142ug\u0119, ale r\u00f3wnie\u017c ich starsze kole\u017canki, kt\u00f3re dzi\u0119kuj\u0105 Bogu za kolejny rok pobytu we wsp\u00f3lnocie. <\/span><\/span><span style=\"font-family: Times New Roman, serif;\"><span style=\"font-size: large;\"><b>G<\/b><\/span><\/span><span style=\"font-family: Times New Roman, serif;\"><span style=\"font-size: large;\">rupa Liturgiczna Bielanek ma swoj\u0105 Animatork\u0119. Przez Ksi\u0119dza Proboszcza wybierana jest osoba, kt\u00f3ra przejmuje wiele obowi\u0105zk\u00f3w. Taka osoba jest otwarta na propozycje, konsekwentna, ch\u0119tnie wys\u0142uchuje i po\u015bwi\u0119ca sw\u00f3j wolny czas na sprawy biela\u0144skie. Bycie na tym stanowisku wi\u0105\u017ce si\u0119 nie tylko z licznymi obowi\u0105zkami , ale r\u00f3wnie\u017c z przywilejami. Obecnie animatorkami s\u0105 Natalia Witecka i And\u017celika Skoneczna. Pe\u0142ni\u0105 swoj\u0105 funkcj\u0119 gorliwie i rzetelnie. Podczas spotka\u0144 w okresie Adwentu i Wielkiego Postu wsp\u00f3lnota wykonuje r\u00f3\u017cne ozdoby \u015bwi\u0105teczne np: anio\u0142ki z makaronu, masy solnej, koszyczki wielkanocne, pisanki, sianko, kaczuszki, kurczaczki itp. <\/span><\/span><span style=\"font-family: Times New Roman, serif;\"><span style=\"font-size: large;\"><b>O<\/b><\/span><\/span><span style=\"font-family: Times New Roman, serif;\"><span style=\"font-size: large;\">bowi\u0105zki Bielanki: Bielanka z mi\u0142o\u015bci do Boga wzorowo spe\u0142nia swe obowi\u0105zki. Bielanka s\u0142u\u017cy Chrystusowi pomagaj\u0105c bli\u017aniemu. Bielanka rozwija w sobie \u017cycie Bo\u017ce-przynajmniej raz w miesi\u0105cu przyst\u0119puje do spowiedzi \u015bwi\u0119tej-na ka\u017cdej Mszy \u015bwi\u0119tej przyst\u0119puje do komunii \u015bwi\u0119tej. Bielanka pracuje nad swoim charakterem. Bielanka wnosi wsz\u0119dzie prawdziw\u0105 rado\u015b\u0107. Bielanka jest prawdziw\u0105 siostr\u0105, c\u00f3rk\u0105, uczennic\u0105 i kole\u017cank\u0105. Bielanka pog\u0142\u0119bia wiedz\u0119 religijn\u0105. Bielanka jest czyst\u0105 w my\u015blach, mowie i uczynkach. Bielanka modli si\u0119 za Ojczyzn\u0119 i s\u0142u\u017cy jej rzeteln\u0105 prac\u0105. Bielanka jest czysta, schludna i punktualna. <\/span><\/span><\/p>\t\t\t\t\t\t\t\t<\/div>\n\t\t\t\t<\/div>\n\t\t\t\t\t<\/div>\n\t\t\t\t<\/div>\n\t\t<div class=\"elementor-element elementor-element-84d95bb e-flex e-con-boxed e-con e-parent\" data-id=\"84d95bb\" data-element_type=\"container\" data-e-type=\"container\">\n\t\t\t\t\t<div class=\"e-con-inner\">\n\t\t\t\t<div class=\"elementor-element elementor-element-6b82dd2 elementor-widget elementor-widget-image-gallery\" data-id=\"6b82dd2\" data-element_type=\"widget\" data-e-type=\"widget\" data-widget_type=\"image-gallery.default\">\n\t\t\t\t<div class=\"elementor-widget-container\">\n\t\t\t\t\t\t\t<div class=\"elementor-image-gallery\">\n\t\t\t<div id='gallery-1' class='gallery galleryid-31897 gallery-columns-3 gallery-size-medium_large'><figure class='gallery-item'>\n\t\t\t<div class='gallery-icon landscape'>\n\t\t\t\t<a data-elementor-open-lightbox=\"yes\" data-elementor-lightbox-slideshow=\"6b82dd2\" data-elementor-lightbox-title=\"3\" data-e-action-hash=\"#elementor-action%3Aaction%3Dlightbox%26settings%3DeyJpZCI6MzE5MDAsInVybCI6Imh0dHBzOlwvXC9tYmZhdGltc2thLm92aFwvd3AtY29udGVudFwvdXBsb2Fkc1wvMjAyNVwvMTFcLzMtNS5qcGciLCJzbGlkZXNob3ciOiI2YjgyZGQyIn0%3D\" href='https:\/\/mbfatimska.ovh\/wp-content\/uploads\/2025\/11\/3-5.jpg'><img fetchpriority=\"high\" width=\"724\" height=\"482\" src=\"https:\/\/mbfatimska.ovh\/wp-content\/uploads\/2025\/11\/3-5.jpg\" class=\"attachment-medium_large size-medium_large\" alt=\"\" decoding=\"async\" srcset=\"https:\/\/mbfatimska.ovh\/wp-content\/uploads\/2025\/11\/3-5.jpg 724w, https:\/\/mbfatimska.ovh\/wp-content\/uploads\/2025\/11\/3-5-300x200.jpg 300w\" sizes=\"(max-width: 724px) 100vw, 724px\" \/><\/a>\n\t\t\t<\/div><\/figure><figure class='gallery-item'>\n\t\t\t<div class='gallery-icon landscape'>\n\t\t\t\t<a data-elementor-open-lightbox=\"yes\" data-elementor-lightbox-slideshow=\"6b82dd2\" data-elementor-lightbox-title=\"2\" data-e-action-hash=\"#elementor-action%3Aaction%3Dlightbox%26settings%3DeyJpZCI6MzE4OTksInVybCI6Imh0dHBzOlwvXC9tYmZhdGltc2thLm92aFwvd3AtY29udGVudFwvdXBsb2Fkc1wvMjAyNVwvMTFcLzItNS5qcGciLCJzbGlkZXNob3ciOiI2YjgyZGQyIn0%3D\" href='https:\/\/mbfatimska.ovh\/wp-content\/uploads\/2025\/11\/2-5.jpg'><img width=\"723\" height=\"482\" src=\"https:\/\/mbfatimska.ovh\/wp-content\/uploads\/2025\/11\/2-5.jpg\" class=\"attachment-medium_large size-medium_large\" alt=\"\" decoding=\"async\" srcset=\"https:\/\/mbfatimska.ovh\/wp-content\/uploads\/2025\/11\/2-5.jpg 723w, https:\/\/mbfatimska.ovh\/wp-content\/uploads\/2025\/11\/2-5-300x200.jpg 300w\" sizes=\"(max-width: 723px) 100vw, 723px\" \/><\/a>\n\t\t\t<\/div><\/figure><figure class='gallery-item'>\n\t\t\t<div class='gallery-icon landscape'>\n\t\t\t\t<a data-elementor-open-lightbox=\"yes\" data-elementor-lightbox-slideshow=\"6b82dd2\" data-elementor-lightbox-title=\"1\" data-e-action-hash=\"#elementor-action%3Aaction%3Dlightbox%26settings%3DeyJpZCI6MzE4OTgsInVybCI6Imh0dHBzOlwvXC9tYmZhdGltc2thLm92aFwvd3AtY29udGVudFwvdXBsb2Fkc1wvMjAyNVwvMTFcLzEtNi5qcGciLCJzbGlkZXNob3ciOiI2YjgyZGQyIn0%3D\" href='https:\/\/mbfatimska.ovh\/wp-content\/uploads\/2025\/11\/1-6.jpg'><img width=\"722\" height=\"482\" src=\"https:\/\/mbfatimska.ovh\/wp-content\/uploads\/2025\/11\/1-6.jpg\" class=\"attachment-medium_large size-medium_large\" alt=\"\" decoding=\"async\" srcset=\"https:\/\/mbfatimska.ovh\/wp-content\/uploads\/2025\/11\/1-6.jpg 722w, https:\/\/mbfatimska.ovh\/wp-content\/uploads\/2025\/11\/1-6-300x200.jpg 300w\" sizes=\"(max-width: 722px) 100vw, 722px\" \/><\/a>\n\t\t\t<\/div><\/figure>\n\t\t<\/div>\n\t\t<\/div>\n\t\t\t\t\t\t<\/div>\n\t\t\t\t<\/div>\n\t\t\t\t\t<\/div>\n\t\t\t\t<\/div>\n\t\t\t\t<\/div>\n\t\t","protected":false},"excerpt":{"rendered":"<p>Od samego pocz\u0105tku istnienia naszej Parafii dzia\u0142a Wsp\u00f3lnota Liturgiczna Bielanek. Obecnie w naszej Parafii jest 18 bielanek i jedna animatorka, kt\u00f3ra koordynuje s\u0142u\u017cb\u0119 oraz formacj\u0119 dziewcz\u0105t pod okiem Ksi\u0119dza Proboszcza. Dziewcz\u0119ta nale\u017c\u0105ce do Bielanek zajmuj\u0105 si\u0119 mi\u0119dzy innymi opraw\u0105 liturgiczn\u0105 podczas Mszy \u015awi\u0119tych niedzielnych o 11.00, nabo\u017ce\u0144stw, adoruj\u0105 Naj\u015bwi\u0119tszego Sakramentu w Triduum Paschalnym, oraz upi\u0119kszaj\u0105 [&hellip;]<\/p>\n","protected":false},"author":1,"featured_media":30657,"parent":0,"menu_order":0,"comment_status":"closed","ping_status":"closed","template":"","meta":{"footnotes":""},"class_list":["post-31897","page","type-page","status-publish","has-post-thumbnail","hentry"],"_links":{"self":[{"href":"https:\/\/mbfatimska.ovh\/index.php\/wp-json\/wp\/v2\/pages\/31897","targetHints":{"allow":["GET"]}}],"collection":[{"href":"https:\/\/mbfatimska.ovh\/index.php\/wp-json\/wp\/v2\/pages"}],"about":[{"href":"https:\/\/mbfatimska.ovh\/index.php\/wp-json\/wp\/v2\/types\/page"}],"author":[{"embeddable":true,"href":"https:\/\/mbfatimska.ovh\/index.php\/wp-json\/wp\/v2\/users\/1"}],"replies":[{"embeddable":true,"href":"https:\/\/mbfatimska.ovh\/index.php\/wp-json\/wp\/v2\/comments?post=31897"}],"version-history":[{"count":3,"href":"https:\/\/mbfatimska.ovh\/index.php\/wp-json\/wp\/v2\/pages\/31897\/revisions"}],"predecessor-version":[{"id":31903,"href":"https:\/\/mbfatimska.ovh\/index.php\/wp-json\/wp\/v2\/pages\/31897\/revisions\/31903"}],"wp:featuredmedia":[{"embeddable":true,"href":"https:\/\/mbfatimska.ovh\/index.php\/wp-json\/wp\/v2\/media\/30657"}],"wp:attachment":[{"href":"https:\/\/mbfatimska.ovh\/index.php\/wp-json\/wp\/v2\/media?parent=31897"}],"curies":[{"name":"wp","href":"https:\/\/api.w.org\/{rel}","templated":true}]}}