{"id":31905,"date":"2025-11-03T13:47:55","date_gmt":"2025-11-03T13:47:55","guid":{"rendered":"https:\/\/mbfatimska.ovh\/?page_id=31905"},"modified":"2025-11-03T13:50:10","modified_gmt":"2025-11-03T13:50:10","slug":"ministranci","status":"publish","type":"page","link":"https:\/\/mbfatimska.ovh\/index.php\/ministranci\/","title":{"rendered":"Ministranci"},"content":{"rendered":"\t\t<div data-elementor-type=\"wp-page\" data-elementor-id=\"31905\" class=\"elementor elementor-31905\" data-elementor-post-type=\"page\">\n\t\t\t\t<div class=\"elementor-element elementor-element-a853411 e-flex e-con-boxed e-con e-parent\" data-id=\"a853411\" data-element_type=\"container\" data-e-type=\"container\">\n\t\t\t\t\t<div class=\"e-con-inner\">\n\t\t\t\t<div class=\"elementor-element elementor-element-4399345 elementor-widget elementor-widget-text-editor\" data-id=\"4399345\" data-element_type=\"widget\" data-e-type=\"widget\" data-widget_type=\"text-editor.default\">\n\t\t\t\t<div class=\"elementor-widget-container\">\n\t\t\t\t\t\t\t\t\t<p align=\"justify\"><span style=\"font-family: Times New Roman, serif;\"><span style=\"font-size: large;\"><b>L<\/b><\/span><\/span><span style=\"font-family: Times New Roman, serif;\"><span style=\"font-size: large;\">iturgiczna S\u0142u\u017cba O\u0142tarza Parafii Matki Bo\u017cej Fatimskiej w Legionowie to duszpasterstwo zrzeszaj\u0105ce m\u0142odych ch\u0142opc\u00f3w, kt\u00f3rzy pragn\u0105 by\u0107 bli\u017cej Boga i bli\u017cej Chrystusa Eucharystycznego. Aktualnie Liturgiczna S\u0142u\u017cba O\u0142tarza w naszej parafii ma w swoich szeregach 28 ch\u0142opc\u00f3w. Co roku do\u0142\u0105cza do naszego grona kilku nowych koleg\u00f3w. Przed promocjami ministranckimi kandydaci przechodz\u0105 seri\u0119 spotka\u0144 czyli tzw. kurs przygotowawczy. Staj\u0105 si\u0119 ministrantami po z\u0142o\u017ceniu uroczystej przysi\u0119gi podczas Mszy \u015awi\u0119tej. Ministranci naszej parafii u\u015bwietniaj\u0105 zar\u00f3wno du\u017ce uroczysto\u015bci (np. Triduum Paschalne, \u015awi\u0119ta Bo\u017cego Narodzenia), jak i codzienne liturgie oraz nabo\u017ce\u0144stwa. <\/span><\/span><span style=\"font-family: Times New Roman, serif;\"><span style=\"font-size: large;\"><b>Z<\/b><\/span><\/span><span style=\"font-family: Times New Roman, serif;\"><span style=\"font-size: large;\">bi\u00f3rki ministranckie odbywaj\u0105 si\u0119 w soboty o godz. 10.00. Podczas spotka\u0144 poznajemy tajniki s\u0142u\u017cby przy o\u0142tarzu, staramy si\u0119 poznawa\u0107 modlitwy Eucharystyczne czy \u0107wiczymy wykonywanie funkcji ministranckich. Ministranci za swoj\u0105 s\u0142u\u017cb\u0119 przy o\u0142tarzu s\u0105 wynagradzani nast\u0119puj\u0105co: <\/span><\/span><span style=\"font-family: Times New Roman, serif;\"><span style=\"font-size: large;\"><b>W<\/b><\/span><\/span><span style=\"font-family: Times New Roman, serif;\"><span style=\"font-size: large;\">yjazdy integracyjne \u2013 dwa razy w roku rodzice ministrant\u00f3w organizuj\u0105 jednodniowe wyjazdy w ciekawe miejsca, g\u0142\u00f3wnie agroturystyczne, z dala od zgie\u0142ku miast. Ch\u0142opcy maj\u0105 wtedy mo\u017cliwo\u015b\u0107 uczestniczy\u0107 w Mszy \u015awi\u0119tej w innym miejscu, a nast\u0119pnie wsp\u00f3lnie sp\u0119dzi\u0107 czas przy grach, zabawach, ognisku. Na takie wyjazdy zapraszane jest tak\u017ce rodze\u0144stwo ministrant\u00f3w, oraz uczestnicz\u0105 w nich sami organizatorzy, czyli ich rodzice. <\/span><\/span><span style=\"font-family: Times New Roman, serif;\"><span style=\"font-size: large;\"><b>W<\/b><\/span><\/span><span style=\"font-family: Times New Roman, serif;\"><span style=\"font-size: large;\">yjazdy tematyczne \u2013 za udzia\u0142 w nabo\u017ce\u0144stwach Drogi Krzy\u017cowej czy R\u00f3\u017ca\u0144cowych ministranci maj\u0105 mo\u017cliwo\u015b\u0107 darmowego wyjazdu do kina czy w inne miejsce, kt\u00f3re zaproponuj\u0105. Jest to czas podsumowania ich wysi\u0142k\u00f3w. <\/span><\/span><span style=\"font-family: Times New Roman, serif;\"><span style=\"font-size: large;\"><b>N<\/b><\/span><\/span><span style=\"font-family: Times New Roman, serif;\"><span style=\"font-size: large;\">agrody rzeczowe \u2013 od dw\u00f3ch lat ka\u017cdy ministrant ma kart\u0119 magnetyczn\u0105, dzi\u0119ki kt\u00f3rej odznacza swoj\u0105 obecno\u015b\u0107 na Mszy \u015awi\u0119tej, nabo\u017ce\u0144stwie czy zbi\u00f3rce. Zebrane punkty pozwalaj\u0105 okre\u015bli\u0107 dziesi\u0119ciu najaktywniejszych ministrant\u00f3w, kt\u00f3rym Parafia zakupuje nagrody rzeczowe, np. drobny sprz\u0119t elektroniczny czy sportowy. <\/span><\/span><\/p><p align=\"justify\"><span style=\"font-family: Times New Roman, serif;\"><span style=\"font-size: large;\"><b>P<\/b><\/span><\/span><span style=\"font-family: Times New Roman, serif;\"><span style=\"font-size: large;\">odsumowanie punkt\u00f3w nast\u0119puje cztery razy w roku, co pozwala zmobilizowa\u0107 ch\u0142opc\u00f3w do czynnego udzia\u0142u w S\u0142u\u017cbie Liturgicznej, tak\u017ce w dni powszednie czy nawet w wakacje. <\/span><\/span><\/p><p align=\"justify\"><span style=\"font-family: Times New Roman, serif;\"><span style=\"font-size: large;\"><b>10<\/b><\/span><\/span><span style=\"font-family: Times New Roman, serif;\"><span style=\"font-size: large;\"> zasad ministranta: Ministrant kocha Boga i dla Jego chwa\u0142y wzorowo spe\u0142nia swe obowi\u0105zki s\u0142u\u017cby o\u0142tarza. Ministrant s\u0142u\u017cy Chrystusowi Panu w ludziach. Ministrant rozwija w sobie Bo\u017ce \u017cycie. Ministrant pracuje nad swoim charakterem i czuwa nad czysto\u015bci\u0105 serca i duszy. Ministrant poznaje liturgi\u0119 i ni\u0105 \u017cyje. Ministrant modli si\u0119 za ojczyzn\u0119 i s\u0142u\u017cy jej rzeteln\u0105 prac\u0105. Ministrant jest dobrym synem i bratem. Ministrant swoj\u0105 chrze\u015bcija\u0144sk\u0105 postaw\u0105 wnosi wsz\u0119dzie prawdziw\u0105 rado\u015b\u0107. Ministrant przez swoj\u0105 pilno\u015b\u0107 i sumienno\u015b\u0107 staje si\u0119 przyk\u0142adem dla innych. Ministrant podobnie jak kap\u0142an stara si\u0119 by\u0107 niejako drugim Chrystusem. <\/span><\/span><\/p>\t\t\t\t\t\t\t\t<\/div>\n\t\t\t\t<\/div>\n\t\t\t\t\t<\/div>\n\t\t\t\t<\/div>\n\t\t<div class=\"elementor-element elementor-element-2516b4f e-flex e-con-boxed e-con e-parent\" data-id=\"2516b4f\" data-element_type=\"container\" data-e-type=\"container\">\n\t\t\t\t\t<div class=\"e-con-inner\">\n\t\t\t\t<div class=\"elementor-element elementor-element-08417d1 elementor-widget elementor-widget-image-gallery\" data-id=\"08417d1\" data-element_type=\"widget\" data-e-type=\"widget\" data-widget_type=\"image-gallery.default\">\n\t\t\t\t<div class=\"elementor-widget-container\">\n\t\t\t\t\t\t\t<div class=\"elementor-image-gallery\">\n\t\t\t<div id='gallery-1' class='gallery galleryid-31905 gallery-columns-4 gallery-size-medium_large'><figure class='gallery-item'>\n\t\t\t<div class='gallery-icon landscape'>\n\t\t\t\t<a data-elementor-open-lightbox=\"yes\" data-elementor-lightbox-slideshow=\"08417d1\" data-elementor-lightbox-title=\"4\" data-e-action-hash=\"#elementor-action%3Aaction%3Dlightbox%26settings%3DeyJpZCI6MzE5MDksInVybCI6Imh0dHBzOlwvXC9tYmZhdGltc2thLm92aFwvd3AtY29udGVudFwvdXBsb2Fkc1wvMjAyNVwvMTFcLzQtMi5qcGciLCJzbGlkZXNob3ciOiIwODQxN2QxIn0%3D\" href='https:\/\/mbfatimska.ovh\/wp-content\/uploads\/2025\/11\/4-2.jpg'><img fetchpriority=\"high\" width=\"724\" height=\"482\" src=\"https:\/\/mbfatimska.ovh\/wp-content\/uploads\/2025\/11\/4-2.jpg\" class=\"attachment-medium_large size-medium_large\" alt=\"\" decoding=\"async\" srcset=\"https:\/\/mbfatimska.ovh\/wp-content\/uploads\/2025\/11\/4-2.jpg 724w, https:\/\/mbfatimska.ovh\/wp-content\/uploads\/2025\/11\/4-2-300x200.jpg 300w\" sizes=\"(max-width: 724px) 100vw, 724px\" \/><\/a>\n\t\t\t<\/div><\/figure><figure class='gallery-item'>\n\t\t\t<div class='gallery-icon landscape'>\n\t\t\t\t<a data-elementor-open-lightbox=\"yes\" data-elementor-lightbox-slideshow=\"08417d1\" data-elementor-lightbox-title=\"1\" data-e-action-hash=\"#elementor-action%3Aaction%3Dlightbox%26settings%3DeyJpZCI6MzE5MDYsInVybCI6Imh0dHBzOlwvXC9tYmZhdGltc2thLm92aFwvd3AtY29udGVudFwvdXBsb2Fkc1wvMjAyNVwvMTFcLzEtNy5qcGciLCJzbGlkZXNob3ciOiIwODQxN2QxIn0%3D\" href='https:\/\/mbfatimska.ovh\/wp-content\/uploads\/2025\/11\/1-7.jpg'><img width=\"722\" height=\"482\" src=\"https:\/\/mbfatimska.ovh\/wp-content\/uploads\/2025\/11\/1-7.jpg\" class=\"attachment-medium_large size-medium_large\" alt=\"\" decoding=\"async\" srcset=\"https:\/\/mbfatimska.ovh\/wp-content\/uploads\/2025\/11\/1-7.jpg 722w, https:\/\/mbfatimska.ovh\/wp-content\/uploads\/2025\/11\/1-7-300x200.jpg 300w\" sizes=\"(max-width: 722px) 100vw, 722px\" \/><\/a>\n\t\t\t<\/div><\/figure><figure class='gallery-item'>\n\t\t\t<div class='gallery-icon landscape'>\n\t\t\t\t<a data-elementor-open-lightbox=\"yes\" data-elementor-lightbox-slideshow=\"08417d1\" data-elementor-lightbox-title=\"2\" data-e-action-hash=\"#elementor-action%3Aaction%3Dlightbox%26settings%3DeyJpZCI6MzE5MDcsInVybCI6Imh0dHBzOlwvXC9tYmZhdGltc2thLm92aFwvd3AtY29udGVudFwvdXBsb2Fkc1wvMjAyNVwvMTFcLzItNi5qcGciLCJzbGlkZXNob3ciOiIwODQxN2QxIn0%3D\" href='https:\/\/mbfatimska.ovh\/wp-content\/uploads\/2025\/11\/2-6.jpg'><img width=\"723\" height=\"482\" src=\"https:\/\/mbfatimska.ovh\/wp-content\/uploads\/2025\/11\/2-6.jpg\" class=\"attachment-medium_large size-medium_large\" alt=\"\" decoding=\"async\" srcset=\"https:\/\/mbfatimska.ovh\/wp-content\/uploads\/2025\/11\/2-6.jpg 723w, https:\/\/mbfatimska.ovh\/wp-content\/uploads\/2025\/11\/2-6-300x200.jpg 300w\" sizes=\"(max-width: 723px) 100vw, 723px\" \/><\/a>\n\t\t\t<\/div><\/figure><figure class='gallery-item'>\n\t\t\t<div class='gallery-icon landscape'>\n\t\t\t\t<a data-elementor-open-lightbox=\"yes\" data-elementor-lightbox-slideshow=\"08417d1\" data-elementor-lightbox-title=\"3\" data-e-action-hash=\"#elementor-action%3Aaction%3Dlightbox%26settings%3DeyJpZCI6MzE5MDgsInVybCI6Imh0dHBzOlwvXC9tYmZhdGltc2thLm92aFwvd3AtY29udGVudFwvdXBsb2Fkc1wvMjAyNVwvMTFcLzMtNi5qcGciLCJzbGlkZXNob3ciOiIwODQxN2QxIn0%3D\" href='https:\/\/mbfatimska.ovh\/wp-content\/uploads\/2025\/11\/3-6.jpg'><img loading=\"lazy\" width=\"724\" height=\"482\" src=\"https:\/\/mbfatimska.ovh\/wp-content\/uploads\/2025\/11\/3-6.jpg\" class=\"attachment-medium_large size-medium_large\" alt=\"\" decoding=\"async\" srcset=\"https:\/\/mbfatimska.ovh\/wp-content\/uploads\/2025\/11\/3-6.jpg 724w, https:\/\/mbfatimska.ovh\/wp-content\/uploads\/2025\/11\/3-6-300x200.jpg 300w\" sizes=\"(max-width: 724px) 100vw, 724px\" \/><\/a>\n\t\t\t<\/div><\/figure>\n\t\t<\/div>\n\t\t<\/div>\n\t\t\t\t\t\t<\/div>\n\t\t\t\t<\/div>\n\t\t\t\t\t<\/div>\n\t\t\t\t<\/div>\n\t\t\t\t<\/div>\n\t\t","protected":false},"excerpt":{"rendered":"<p>Liturgiczna S\u0142u\u017cba O\u0142tarza Parafii Matki Bo\u017cej Fatimskiej w Legionowie to duszpasterstwo zrzeszaj\u0105ce m\u0142odych ch\u0142opc\u00f3w, kt\u00f3rzy pragn\u0105 by\u0107 bli\u017cej Boga i bli\u017cej Chrystusa Eucharystycznego. Aktualnie Liturgiczna S\u0142u\u017cba O\u0142tarza w naszej parafii ma w swoich szeregach 28 ch\u0142opc\u00f3w. Co roku do\u0142\u0105cza do naszego grona kilku nowych koleg\u00f3w. Przed promocjami ministranckimi kandydaci przechodz\u0105 seri\u0119 spotka\u0144 czyli tzw. kurs [&hellip;]<\/p>\n","protected":false},"author":1,"featured_media":30657,"parent":0,"menu_order":0,"comment_status":"closed","ping_status":"closed","template":"","meta":{"footnotes":""},"class_list":["post-31905","page","type-page","status-publish","has-post-thumbnail","hentry"],"_links":{"self":[{"href":"https:\/\/mbfatimska.ovh\/index.php\/wp-json\/wp\/v2\/pages\/31905","targetHints":{"allow":["GET"]}}],"collection":[{"href":"https:\/\/mbfatimska.ovh\/index.php\/wp-json\/wp\/v2\/pages"}],"about":[{"href":"https:\/\/mbfatimska.ovh\/index.php\/wp-json\/wp\/v2\/types\/page"}],"author":[{"embeddable":true,"href":"https:\/\/mbfatimska.ovh\/index.php\/wp-json\/wp\/v2\/users\/1"}],"replies":[{"embeddable":true,"href":"https:\/\/mbfatimska.ovh\/index.php\/wp-json\/wp\/v2\/comments?post=31905"}],"version-history":[{"count":3,"href":"https:\/\/mbfatimska.ovh\/index.php\/wp-json\/wp\/v2\/pages\/31905\/revisions"}],"predecessor-version":[{"id":31912,"href":"https:\/\/mbfatimska.ovh\/index.php\/wp-json\/wp\/v2\/pages\/31905\/revisions\/31912"}],"wp:featuredmedia":[{"embeddable":true,"href":"https:\/\/mbfatimska.ovh\/index.php\/wp-json\/wp\/v2\/media\/30657"}],"wp:attachment":[{"href":"https:\/\/mbfatimska.ovh\/index.php\/wp-json\/wp\/v2\/media?parent=31905"}],"curies":[{"name":"wp","href":"https:\/\/api.w.org\/{rel}","templated":true}]}}