{"id":396,"date":"2016-10-24T20:45:58","date_gmt":"2016-10-24T20:45:58","guid":{"rendered":"http:\/\/www.mbfatimska.pl\/?page_id=396"},"modified":"2026-01-13T07:19:45","modified_gmt":"2026-01-13T07:19:45","slug":"duszpasterze","status":"publish","type":"page","link":"https:\/\/mbfatimska.ovh\/index.php\/duszpasterze\/","title":{"rendered":"Duszpasterze pos\u0142uguj\u0105cy w Parafii"},"content":{"rendered":"<h2><strong>Ks. Pra\u0142at Tomasz Chcia\u0142owski &#8211; proboszcz<\/strong><\/h2>\n<p><a href=\"http:\/\/www.mbfatimska.pl\/wp-content\/uploads\/2016\/10\/MG_8184-e1508026974910.jpg\"><img decoding=\"async\" class=\"wp-image-5830 alignleft\" src=\"http:\/\/www.mbfatimska.pl\/wp-content\/uploads\/2016\/10\/MG_8184-e1508026974910.jpg\" alt=\"\" width=\"176\" height=\"264\" \/><\/a><\/p>\n<p>Urodzi\u0142 si\u0119 7 marca 1968 r. w Garwolinie (parafia Przemienienia Pa\u0144skiego w Garwolinie, diecezja Siedlecka). Imieniny obchodzi 7 marca. Magister teologii w zakresie historii Ko\u015bcio\u0142a, kt\u00f3ry uzyska\u0142 na Papieskim Wydziale Teologicznym w Warszawie. \u015awi\u0119cenia kap\u0142a\u0144skie otrzyma\u0142 28 maja 1992 r. z r\u0105k Jego Ekscelencji Ksi\u0119dza Biskupa Kazimierza Romaniuka. Pe\u0142ni\u0142 obowi\u0105zki wikariusza w parafiach w Wieliszewie, Nawr\u00f3cenia \u015bw. Paw\u0142a Aposto\u0142a w Warszawie i Matki Bo\u017cej Zwyci\u0119skiej w Warszawie &#8211; Rembertowie. Od 2003 do 2006 roku pracowa\u0142 w parafii \u015bw. Tr\u00f3jcy w Koby\u0142ce. Dnia 08.07.2006 zosta\u0142 mianowany Proboszczem Parafii Matki Bo\u017cej Fatimskiej w Legionowie, a w roku 2008 Prezesem dzia\u0142aj\u0105cego przy naszej Parafii Legionowskiego Stowarzyszenia &#8222;Amicus&#8221; prowadz\u0105cego m.in. Warsztat Terapii Zaj\u0119ciowej \u015bw. Rity, kt\u00f3ry zapewnia osobom niepe\u0142nosprawnym rehabilitacj\u0119 spo\u0142eczn\u0105 i zawodow\u0105, czy Klub Seniora 60+ z dziennym pobytem dla os\u00f3b starszych. Przez lata\u00a0 dzi\u0119ki staraniom Ksi\u0119dza Proboszcza uda\u0142o si\u0119 wznie\u015b\u0107 now\u0105 \u015bwi\u0105tyni\u0119, odrestaurowa\u0107 plebani\u0119, utworzy\u0107 boisko sportowe ze sztuczn\u0105 muraw\u0105, utworzy\u0107 teren parkowy z fontannami wok\u00f3\u0142 ko\u015bcio\u0142a, zorganizowa\u0107 kawiarni\u0119 parafialn\u0105, a tak\u017ce zapewni\u0107 wiele miejsc parkingowych przy ko\u015bciele. W roku 2018 zosta\u0142 mianowany kapelanem Centrum Szkolenia Policji w Legionowie.<\/p>\n<p>&nbsp;<\/p>\n<p>&nbsp;<\/p>\n<p><img decoding=\"async\" class=\"alignleft wp-image-25470 size-thumbnail\" src=\"http:\/\/www.mbfatimska.pl\/wp-content\/uploads\/2024\/09\/447865010_438430535642457_3292283797679107118_n-150x150.jpg\" alt=\"\" width=\"150\" height=\"150\" \/><strong>Ksi\u0105dz Miko\u0142aj Lipski<\/strong> &#8211; wikariusz &#8211; pochodzi z parafii pw. Zwiastowania Pa\u0144skiego w Warszawie-Rakowcu Po\u0142udniowym (Archidiecezja Warszawska). Przed seminarium studiowa\u0142 stosunki mi\u0119dzynarodowe na Uniwersytecie Warszawskim. Od dziecka zwi\u0105zany ze wsp\u00f3lnot\u0105 S\u0142u\u017cby Liturgicznej. Sprawuje w naszej parafii opiek\u0119 duszpastersk\u0105 nad nast\u0119puj\u0105cymi grupami: Liturgiczna S\u0142u\u017cba O\u0142tarza, Oaza, Domowy Ko\u015bci\u00f3\u0142, Odnowa w Duchu \u015awi\u0119tym, Przymierze Mi\u0142osierdzia. Przygotowuje r\u00f3wnie\u017c m\u0142odzie\u017c do przyj\u0119cia sakramentu bierzmowania.<\/p>\n<p>&nbsp;<\/p>\n<p><strong>Ksi\u0105dz Arkadiusz Grzeszczyk<\/strong> (pallotyn) &#8211;\u00a0pomoc duszpasterska<\/p>\n<h2><\/h2>\n<p>&nbsp;<\/p>\n<h3><\/h3>\n","protected":false},"excerpt":{"rendered":"<p>Ks. Pra\u0142at Tomasz Chcia\u0142owski &#8211; proboszcz Urodzi\u0142 si\u0119 7 marca 1968 r. w Garwolinie (parafia Przemienienia Pa\u0144skiego w Garwolinie, diecezja Siedlecka). Imieniny obchodzi 7 marca. Magister teologii w zakresie historii Ko\u015bcio\u0142a, kt\u00f3ry uzyska\u0142 na Papieskim Wydziale Teologicznym w Warszawie. \u015awi\u0119cenia kap\u0142a\u0144skie otrzyma\u0142 28 maja 1992 r. z r\u0105k Jego Ekscelencji Ksi\u0119dza Biskupa Kazimierza Romaniuka. Pe\u0142ni\u0142 [&hellip;]<\/p>\n","protected":false},"author":1,"featured_media":30657,"parent":0,"menu_order":0,"comment_status":"closed","ping_status":"closed","template":"","meta":{"footnotes":""},"class_list":["post-396","page","type-page","status-publish","has-post-thumbnail","hentry"],"_links":{"self":[{"href":"https:\/\/mbfatimska.ovh\/index.php\/wp-json\/wp\/v2\/pages\/396","targetHints":{"allow":["GET"]}}],"collection":[{"href":"https:\/\/mbfatimska.ovh\/index.php\/wp-json\/wp\/v2\/pages"}],"about":[{"href":"https:\/\/mbfatimska.ovh\/index.php\/wp-json\/wp\/v2\/types\/page"}],"author":[{"embeddable":true,"href":"https:\/\/mbfatimska.ovh\/index.php\/wp-json\/wp\/v2\/users\/1"}],"replies":[{"embeddable":true,"href":"https:\/\/mbfatimska.ovh\/index.php\/wp-json\/wp\/v2\/comments?post=396"}],"version-history":[{"count":1,"href":"https:\/\/mbfatimska.ovh\/index.php\/wp-json\/wp\/v2\/pages\/396\/revisions"}],"predecessor-version":[{"id":33127,"href":"https:\/\/mbfatimska.ovh\/index.php\/wp-json\/wp\/v2\/pages\/396\/revisions\/33127"}],"wp:featuredmedia":[{"embeddable":true,"href":"https:\/\/mbfatimska.ovh\/index.php\/wp-json\/wp\/v2\/media\/30657"}],"wp:attachment":[{"href":"https:\/\/mbfatimska.ovh\/index.php\/wp-json\/wp\/v2\/media?parent=396"}],"curies":[{"name":"wp","href":"https:\/\/api.w.org\/{rel}","templated":true}]}}