{"id":401,"date":"2016-10-24T20:49:10","date_gmt":"2016-10-24T20:49:10","guid":{"rendered":"http:\/\/www.mbfatimska.pl\/?page_id=401"},"modified":"2016-10-24T20:49:10","modified_gmt":"2016-10-24T20:49:10","slug":"historia-parafii","status":"publish","type":"page","link":"https:\/\/mbfatimska.ovh\/index.php\/historia-parafii\/","title":{"rendered":"O parafii"},"content":{"rendered":"<p><a href=\"http:\/\/www.mbfatimska.pl\/wp-content\/uploads\/2016\/10\/fatismka.jpg\"><img fetchpriority=\"high\" decoding=\"async\" class=\" wp-image-5449 aligncenter\" src=\"http:\/\/www.mbfatimska.pl\/wp-content\/uploads\/2016\/10\/fatismka-300x200.jpg\" alt=\"\" width=\"528\" height=\"352\" srcset=\"https:\/\/mbfatimska.ovh\/wp-content\/uploads\/2016\/10\/fatismka-300x200.jpg 300w, https:\/\/mbfatimska.ovh\/wp-content\/uploads\/2016\/10\/fatismka-1024x683.jpg 1024w, https:\/\/mbfatimska.ovh\/wp-content\/uploads\/2016\/10\/fatismka-768x512.jpg 768w, https:\/\/mbfatimska.ovh\/wp-content\/uploads\/2016\/10\/fatismka.jpg 1200w\" sizes=\"(max-width: 528px) 100vw, 528px\" \/><\/a><\/p>\n<h3>Parafia pod wezwaniem Matki Bo\u017cej Fatimskiej jest najm\u0142odsz\u0105 parafi\u0105 w Legionowie. Erygowa\u0142 j\u0105 (jako o\u015brodek duszpasterski) Jego Ekscelencja Biskup Kazimierz Romaniuk dnia 29 czerwca 1996 roku z cz\u0119\u015bci parafii p.w. \u015aw. J\u00f3zefa Oblubie\u0144ca NMP w Legionowie.<\/h3>\n<h3>Pierwszym administratorem o\u015brodka (a nast\u0119pnie proboszczem parafii) by\u0142 ks. Krzysztof Go\u0142a\u015b. 28 kwietnia 1997 odprawiono pierwsz\u0105 Msz\u0119 \u015awi\u0119t\u0105. Dnia 5 maja 1997 roku Jego Ekscelencja Biskup Kazimierz Romaniuk po\u015bwi\u0119ci\u0142 krzy\u017c i plac. W 1998 wybudowano plebani\u0119 i kaplic\u0119 w stanie surowym, za\u015b w 1999 &#8211; wyko\u0144czono ich wn\u0119trze.<\/h3>\n<h3>Pierwsza Eucharystia w kaplicy sprawowana by\u0142a dnia 28 listopada 1999 roku. Od lipca 2006 roku nowym proboszczem zosta\u0142 ks. Tomasz Chcia\u0142owski. Przyst\u0105piono do zagospodarowania terenu ko\u015bcielnego (boisko ze sztuczna nawierzchni\u0105, plac zabaw, trawniki, krzewy). We wrze\u015bniu 2007 roku rozpocz\u0119to budow\u0119 ko\u015bcio\u0142a.<\/h3>\n<h3>W kwietniu 2008 roku Abp. S\u0142awoj Leszek G\u0142\u00f3d\u017a po\u015bwi\u0119ci\u0142 mury nowowznoszonej \u015bwi\u0105tyni.<\/h3>\n<h3>W grudniu 2009 roku odprawiono I msz\u0119 \u015bw. w ko\u015bciele &#8211; Pasterk\u0119.<\/h3>\n<h3>14 maja 2011 roku Jego Ekscelencja Ks. Abp Henryk Hoser dokona\u0142 aktu wmurowania kamienia w\u0119gielnego. Od pocz\u0105tku 2012 roku w ka\u017cd\u0105 niedziel\u0119 o godz. 11:00 w budowanym ko\u015bciele sprawowana jest msza \u015bw. dla dzieci. Obecnie parafia liczy blisko 5 tysi\u0119cy mieszka\u0144c\u00f3w (stan na wrzesie\u0144 2017). Odpust parafialny sprawowany jest 13 maja (w rocznic\u0119 pierwszego dnia objawie\u0144 fatimskich).<\/h3>\n<h3>Do parafii nale\u017c\u0105 ulice: Balonowa, D\u0142uga, Dolna, Genera\u0142a Roi (dawniej Fabryczna), Grudzie, Jasna, \u0141okietka, Krakusa, Kr\u0119ta, Kr\u00f3tka, Nowa, Obro\u0144c\u00f3w Lwowa, Orl\u0105t Lwowskich, 11-go Listopada, Partyzant\u00f3w, Plantowa, Piaskowa (numery: 4, 6, 8, 10, 12), Podg\u00f3rska, Polna, S\u0142oneczna, Spacerowa, Stru\u017ca\u0144ska, Tatrza\u0144ska, W\u0105ska, Wigury, Wilcza, Wsp\u00f3lna, Wrzosowa, Zaciszna, Zegrzy\u0144ska (numery parzyste 12-40), \u017bwirki oraz wie\u015b Stanis\u0142aw\u00f3w II.<\/h3>\n<h3>Parafia jest szczeg\u00f3lnie otwarta na najm\u0142odszych. Zapraszamy na cotygodniowe Msze \u015bw. dla dzieci w niedziel\u0119 o godz. 11.00, a tak\u017ce na nabo\u017ce\u0144stwa skierowane do najm\u0142odszych: Roraty w Adwencie, Drog\u0119 Krzy\u017cow\u0105 w Wielkim Po\u015bcie, nabo\u017ce\u0144stwa r\u00f3\u017ca\u0144cowe w pa\u017adzierniku.<\/h3>\n<h3>Dwa razy do roku organizowane s\u0105 kolonie (nad morze, w g\u00f3ry, za granice), za\u015b kilka razy &#8211; jednodniowe wycieczki. Na co dzie\u0144 zapraszamy do \u015bwietlicy parafialnej, na plac zabaw oraz do korzystania z jednego z najnowocze\u015bniejszych w Legionowie boisk ze sztuczn\u0105 nawierzchni\u0105 oraz do kawiarenki internetowej.<\/h3>\n<p>&nbsp;<\/p>\n<h2>Zach\u0119camy do odwiedzenia nas: \u00a0<a href=\"http:\/\/www.mbfatimska.pl\/kontakt\/\"><span style=\"color: #0000ff;\"><strong>Kontakt z Parafi\u0105<\/strong><\/span><\/a><\/h2>\n<p>&nbsp;<\/p>\n<p>&nbsp;<\/p>\n<p>&nbsp;<\/p>\n","protected":false},"excerpt":{"rendered":"<p>Parafia pod wezwaniem Matki Bo\u017cej Fatimskiej jest najm\u0142odsz\u0105 parafi\u0105 w Legionowie. Erygowa\u0142 j\u0105 (jako o\u015brodek duszpasterski) Jego Ekscelencja Biskup Kazimierz Romaniuk dnia 29 czerwca 1996 roku z cz\u0119\u015bci parafii p.w. \u015aw. J\u00f3zefa Oblubie\u0144ca NMP w Legionowie. Pierwszym administratorem o\u015brodka (a nast\u0119pnie proboszczem parafii) by\u0142 ks. Krzysztof Go\u0142a\u015b. 28 kwietnia 1997 odprawiono pierwsz\u0105 Msz\u0119 \u015awi\u0119t\u0105. Dnia [&hellip;]<\/p>\n","protected":false},"author":1,"featured_media":30657,"parent":0,"menu_order":0,"comment_status":"closed","ping_status":"closed","template":"","meta":{"footnotes":""},"class_list":["post-401","page","type-page","status-publish","has-post-thumbnail","hentry"],"_links":{"self":[{"href":"https:\/\/mbfatimska.ovh\/index.php\/wp-json\/wp\/v2\/pages\/401","targetHints":{"allow":["GET"]}}],"collection":[{"href":"https:\/\/mbfatimska.ovh\/index.php\/wp-json\/wp\/v2\/pages"}],"about":[{"href":"https:\/\/mbfatimska.ovh\/index.php\/wp-json\/wp\/v2\/types\/page"}],"author":[{"embeddable":true,"href":"https:\/\/mbfatimska.ovh\/index.php\/wp-json\/wp\/v2\/users\/1"}],"replies":[{"embeddable":true,"href":"https:\/\/mbfatimska.ovh\/index.php\/wp-json\/wp\/v2\/comments?post=401"}],"version-history":[{"count":0,"href":"https:\/\/mbfatimska.ovh\/index.php\/wp-json\/wp\/v2\/pages\/401\/revisions"}],"wp:featuredmedia":[{"embeddable":true,"href":"https:\/\/mbfatimska.ovh\/index.php\/wp-json\/wp\/v2\/media\/30657"}],"wp:attachment":[{"href":"https:\/\/mbfatimska.ovh\/index.php\/wp-json\/wp\/v2\/media?parent=401"}],"curies":[{"name":"wp","href":"https:\/\/api.w.org\/{rel}","templated":true}]}}