{"id":407,"date":"2016-10-24T20:55:11","date_gmt":"2016-10-24T20:55:11","guid":{"rendered":"http:\/\/www.mbfatimska.pl\/?page_id=407"},"modified":"2026-03-14T08:28:23","modified_gmt":"2026-03-14T08:28:23","slug":"kancelaria-parafialna","status":"publish","type":"page","link":"https:\/\/mbfatimska.ovh\/index.php\/kancelaria-parafialna\/","title":{"rendered":"Kancelaria parafialna"},"content":{"rendered":"<p style=\"text-align: center;\"><strong>\u00a0kancelaria parafialna jest czynna:<\/strong><\/p>\n<p style=\"text-align: center;\"><strong><span style=\"color: #800000;\">od poniedzia\u0142ku do \u015brody godz. 18.30 &#8211; 19.15 (od 1 pa\u017adziernika do 30 kwietnia)<\/span><\/strong><\/p>\n<p style=\"text-align: center;\"><strong><span style=\"color: #800000;\">od poniedzia\u0142ku do \u015brody godz. 19.30 &#8211; 20.15 (od 1 maja do 30 wrze\u015bnia)<\/span><\/strong><\/p>\n<p>&nbsp;<\/p>\n<p style=\"text-align: center;\"><strong><span style=\"color: #800000;\">w soboty godz. 09.00 &#8211; 10.00 z wyj\u0105tkiem \u015bwi\u0105t i uroczysto\u015bci parafialnych<\/span><\/strong><\/p>\n<h3 style=\"text-align: center;\"><span style=\"color: #ff0000;\"><strong>tel. 22 772 82 55\u00a0<\/strong><\/span><\/h3>\n<h3 style=\"text-align: center;\"><span style=\"color: #ff0000;\"><strong> \u00a0692-480-148 (Ks. Proboszcz)<\/strong><\/span><\/h3>\n<p style=\"text-align: center;\">e-mail:mbfatimska.pl@gmail.com<\/p>\n<p style=\"text-align: center;\">NIP: 5361756466<\/p>\n<p>&nbsp;<\/p>\n","protected":false},"excerpt":{"rendered":"<p>\u00a0kancelaria parafialna jest czynna: od poniedzia\u0142ku do \u015brody godz. 18.30 &#8211; 19.15 (od 1 pa\u017adziernika do 30 kwietnia) od poniedzia\u0142ku do \u015brody godz. 19.30 &#8211; 20.15 (od 1 maja do 30 wrze\u015bnia) &nbsp; w soboty godz. 09.00 &#8211; 10.00 z wyj\u0105tkiem \u015bwi\u0105t i uroczysto\u015bci parafialnych tel. 22 772 82 55\u00a0 \u00a0692-480-148 (Ks. Proboszcz) e-mail:mbfatimska.pl@gmail.com NIP: [&hellip;]<\/p>\n","protected":false},"author":1,"featured_media":30657,"parent":0,"menu_order":0,"comment_status":"closed","ping_status":"closed","template":"","meta":{"footnotes":""},"class_list":["post-407","page","type-page","status-publish","has-post-thumbnail","hentry"],"_links":{"self":[{"href":"https:\/\/mbfatimska.ovh\/index.php\/wp-json\/wp\/v2\/pages\/407","targetHints":{"allow":["GET"]}}],"collection":[{"href":"https:\/\/mbfatimska.ovh\/index.php\/wp-json\/wp\/v2\/pages"}],"about":[{"href":"https:\/\/mbfatimska.ovh\/index.php\/wp-json\/wp\/v2\/types\/page"}],"author":[{"embeddable":true,"href":"https:\/\/mbfatimska.ovh\/index.php\/wp-json\/wp\/v2\/users\/1"}],"replies":[{"embeddable":true,"href":"https:\/\/mbfatimska.ovh\/index.php\/wp-json\/wp\/v2\/comments?post=407"}],"version-history":[{"count":3,"href":"https:\/\/mbfatimska.ovh\/index.php\/wp-json\/wp\/v2\/pages\/407\/revisions"}],"predecessor-version":[{"id":40358,"href":"https:\/\/mbfatimska.ovh\/index.php\/wp-json\/wp\/v2\/pages\/407\/revisions\/40358"}],"wp:featuredmedia":[{"embeddable":true,"href":"https:\/\/mbfatimska.ovh\/index.php\/wp-json\/wp\/v2\/media\/30657"}],"wp:attachment":[{"href":"https:\/\/mbfatimska.ovh\/index.php\/wp-json\/wp\/v2\/media?parent=407"}],"curies":[{"name":"wp","href":"https:\/\/api.w.org\/{rel}","templated":true}]}}